{"id":400,"date":"2025-06-05T14:16:37","date_gmt":"2025-06-05T12:16:37","guid":{"rendered":"https:\/\/can-gavarres.com\/?page_id=400"},"modified":"2025-06-06T10:42:15","modified_gmt":"2025-06-06T08:42:15","slug":"mentions-legales","status":"publish","type":"page","link":"https:\/\/can-gavarres.com\/en\/legal-notices\/","title":{"rendered":"Legal notices"},"content":{"rendered":"<div data-elementor-type=\"wp-page\" data-elementor-id=\"400\" class=\"elementor elementor-400\" data-elementor-post-type=\"page\">\n\t\t\t\t\t\t<section class=\"elementor-section elementor-top-section elementor-element elementor-element-15257fc elementor-section-full_width elementor-section-height-default elementor-section-height-default\" data-id=\"15257fc\" data-element_type=\"section\">\n\t\t\t\t\t\t<div class=\"elementor-container elementor-column-gap-default\">\n\t\t\t\t\t<div class=\"elementor-column elementor-col-100 elementor-top-column elementor-element elementor-element-5469277\" data-id=\"5469277\" data-element_type=\"column\">\n\t\t\t<div class=\"elementor-widget-wrap elementor-element-populated\">\n\t\t\t\t\t\t<section class=\"elementor-section elementor-inner-section elementor-element elementor-element-27af7ec elementor-section-height-min-height elementor-section-boxed elementor-section-height-default\" data-id=\"27af7ec\" data-element_type=\"section\" data-settings=\"{&quot;background_background&quot;:&quot;classic&quot;}\">\n\t\t\t\t\t\t\t<div class=\"elementor-background-overlay\"><\/div>\n\t\t\t\t\t\t\t<div class=\"elementor-container elementor-column-gap-default\">\n\t\t\t\t\t<div class=\"elementor-column elementor-col-100 elementor-inner-column elementor-element elementor-element-4bff1e7\" data-id=\"4bff1e7\" data-element_type=\"column\" data-settings=\"{&quot;background_background&quot;:&quot;classic&quot;}\">\n\t\t\t<div class=\"elementor-widget-wrap elementor-element-populated\">\n\t\t\t\t\t\t<div class=\"elementor-element elementor-element-53fc6c7 elementor-invisible elementor-widget elementor-widget-heading\" data-id=\"53fc6c7\" data-element_type=\"widget\" data-settings=\"{&quot;_animation&quot;:&quot;fadeIn&quot;,&quot;_animation_delay&quot;:200}\" data-widget_type=\"heading.default\">\n\t\t\t\t<div class=\"elementor-widget-container\">\n\t\t\t\t\t<h1 class=\"elementor-heading-title elementor-size-default\">Legal notices<\/h1>\t\t\t\t<\/div>\n\t\t\t\t<\/div>\n\t\t\t\t<div class=\"elementor-element elementor-element-f68cf1d elementor-icon-list--layout-inline elementor-align-center elementor-list-item-link-full_width elementor-invisible elementor-widget elementor-widget-icon-list\" data-id=\"f68cf1d\" data-element_type=\"widget\" data-settings=\"{&quot;_animation&quot;:&quot;fadeIn&quot;,&quot;_animation_delay&quot;:200}\" data-widget_type=\"icon-list.default\">\n\t\t\t\t<div class=\"elementor-widget-container\">\n\t\t\t\t\t\t\t<ul class=\"elementor-icon-list-items elementor-inline-items\">\n\t\t\t\t\t\t\t<li class=\"elementor-icon-list-item elementor-inline-item\">\n\t\t\t\t\t\t\t\t\t\t\t<a href=\"\/en\/\">\n\n\t\t\t\t\t\t\t\t\t\t\t<span class=\"elementor-icon-list-text\">Welcome<\/span>\n\t\t\t\t\t\t\t\t\t\t\t<\/a>\n\t\t\t\t\t\t\t\t\t<\/li>\n\t\t\t\t\t\t\t\t<li class=\"elementor-icon-list-item elementor-inline-item\">\n\t\t\t\t\t\t\t\t\t\t\t<a href=\"https:\/\/can-gavarres.com\/en\/legal-notices\/\">\n\n\t\t\t\t\t\t\t\t\t\t\t\t<span class=\"elementor-icon-list-icon\">\n\t\t\t\t\t\t\t<i aria-hidden=\"true\" class=\"icon icon-right-arrow1\"><\/i>\t\t\t\t\t\t<\/span>\n\t\t\t\t\t\t\t\t\t\t<span class=\"elementor-icon-list-text\">Legal notices<\/span>\n\t\t\t\t\t\t\t\t\t\t\t<\/a>\n\t\t\t\t\t\t\t\t\t<\/li>\n\t\t\t\t\t\t<\/ul>\n\t\t\t\t\t\t<\/div>\n\t\t\t\t<\/div>\n\t\t\t\t\t<\/div>\n\t\t<\/div>\n\t\t\t\t\t<\/div>\n\t\t<\/section>\n\t\t\t\t\t<\/div>\n\t\t<\/div>\n\t\t\t\t\t<\/div>\n\t\t<\/section>\n\t\t\t\t<section class=\"elementor-section elementor-top-section elementor-element elementor-element-cb888fc elementor-section-boxed elementor-section-height-default elementor-section-height-default\" data-id=\"cb888fc\" data-element_type=\"section\">\n\t\t\t\t\t\t<div class=\"elementor-container elementor-column-gap-default\">\n\t\t\t\t\t<div class=\"elementor-column elementor-col-100 elementor-top-column elementor-element elementor-element-fe29e73\" data-id=\"fe29e73\" data-element_type=\"column\">\n\t\t\t<div class=\"elementor-widget-wrap elementor-element-populated\">\n\t\t\t\t\t\t<section class=\"elementor-section elementor-inner-section elementor-element elementor-element-5a26b0d elementor-reverse-mobile elementor-section-boxed elementor-section-height-default elementor-section-height-default elementor-invisible\" data-id=\"5a26b0d\" data-element_type=\"section\" data-settings=\"{&quot;animation&quot;:&quot;fadeIn&quot;}\">\n\t\t\t\t\t\t<div class=\"elementor-container elementor-column-gap-default\">\n\t\t\t\t\t<div class=\"elementor-column elementor-col-100 elementor-inner-column elementor-element elementor-element-d26802a\" data-id=\"d26802a\" data-element_type=\"column\">\n\t\t\t<div class=\"elementor-widget-wrap elementor-element-populated\">\n\t\t\t\t\t\t<div class=\"elementor-element elementor-element-4c21825 elementor-invisible elementor-widget elementor-widget-text-editor\" data-id=\"4c21825\" data-element_type=\"widget\" data-settings=\"{&quot;_animation&quot;:&quot;fadeIn&quot;,&quot;_animation_delay&quot;:400}\" data-widget_type=\"text-editor.default\">\n\t\t\t\t<div class=\"elementor-widget-container\">\n\t\t\t\t\t\t\t\t\t<p>\u00a0<\/p><h2>Site editor<\/h2><p>The site <a href=\"https:\/\/can-gavarres.com\/en\/\" target=\"_blank\" rel=\"noopener\">https:\/\/can-gavarres.com<\/a> is published by:<br \/><strong>Mrs. Laurence Fuhrmann<\/strong><br \/>Owner of the Can Gavarres guest house<br \/>Costa Brava, Spain<br \/>Contact : <a href=\"mailto:contact@can-gavarres.com\">contact@can-gavarres.com<\/a><\/p><h2>Accommodation<\/h2><p>The site is hosted by:<br \/><strong>OVH SAS<\/strong><br \/>2 rue Kellermann \u2013 59100 Roubaix \u2013 France<br \/>Website: <a href=\"https:\/\/www.ovhcloud.com\" target=\"_blank\" rel=\"noopener\">www.ovhcloud.com<\/a><\/p><h2>Creation of the site<\/h2><p>Site designed and developed by <strong>VWEB<\/strong><\/p><h2>Intellectual property<\/h2><p>The contents of this site (texts, images, logos, etc.) are the exclusive property of Madame Laurence Fuhrmann, unless otherwise stated. Any reproduction, representation, or distribution, in whole or in part, is prohibited without prior authorization.<\/p><p>The image of Via Ferrata on the page https:\/\/can-gavarres.com\/activites\/ is the property of viaferratacaladelmoli.com.<\/p>\t\t\t\t\t\t\t\t<\/div>\n\t\t\t\t<\/div>\n\t\t\t\t\t<\/div>\n\t\t<\/div>\n\t\t\t\t\t<\/div>\n\t\t<\/section>\n\t\t\t\t\t<\/div>\n\t\t<\/div>\n\t\t\t\t\t<\/div>\n\t\t<\/section>\n\t\t\t\t<\/div>","protected":false},"excerpt":{"rendered":"<p>Legal notices Home Legal notices Site editor The site https:\/\/can-gavarres.com is edited by: Madame Laurence Fuhrmann Owner of the Can Gavarres guest house Costa Brava, Spain Contact: contact@can-gavarres.com Hosting The site is hosted by: OVH SAS 2 rue Kellermann \u2013 59100 Roubaix \u2013 France Website: www.ovhcloud.com Site creation Site designed and developed by VWEB [\u2026]<\/p>","protected":false},"author":1,"featured_media":0,"parent":0,"menu_order":0,"comment_status":"closed","ping_status":"closed","template":"","meta":{"footnotes":""},"class_list":["post-400","page","type-page","status-publish","hentry"],"yoast_head":"<!-- This site is optimized with the Yoast SEO plugin v25.2 - https:\/\/yoast.com\/wordpress\/plugins\/seo\/ -->\n<title>Mentions l\u00e9gales | Can Gavarres<\/title>\n<meta name=\"description\" content=\"Mentions l\u00e9gales de notre chambre d&#039;h\u00f4tes sur la Costa Brava, Can Gavarres.\" \/>\n<meta name=\"robots\" content=\"index, follow, max-snippet:-1, max-image-preview:large, max-video-preview:-1\" \/>\n<link rel=\"canonical\" href=\"https:\/\/can-gavarres.com\/en\/legal-notices\/\" \/>\n<meta property=\"og:locale\" content=\"en_GB\" \/>\n<meta property=\"og:type\" content=\"article\" \/>\n<meta property=\"og:title\" content=\"Mentions l\u00e9gales | Can Gavarres\" \/>\n<meta property=\"og:description\" content=\"Mentions l\u00e9gales de notre chambre d&#039;h\u00f4tes sur la Costa Brava, Can Gavarres.\" \/>\n<meta property=\"og:url\" content=\"https:\/\/can-gavarres.com\/en\/legal-notices\/\" \/>\n<meta property=\"og:site_name\" content=\"Can Gavarres\" \/>\n<meta property=\"article:modified_time\" content=\"2025-06-06T08:42:15+00:00\" \/>\n<meta property=\"og:image\" content=\"https:\/\/can-gavarres.com\/wp-content\/uploads\/2025\/06\/Nuit-tout-confort-amoureux-costa-brava-maison-hote-scaled.webp\" \/>\n\t<meta property=\"og:image:width\" content=\"2560\" \/>\n\t<meta property=\"og:image:height\" content=\"1709\" \/>\n\t<meta property=\"og:image:type\" content=\"image\/webp\" \/>\n<meta name=\"twitter:card\" content=\"summary_large_image\" \/>\n<meta name=\"twitter:label1\" content=\"Estimated reading time\" \/>\n\t<meta name=\"twitter:data1\" content=\"1 minute\" \/>\n<script type=\"application\/ld+json\" class=\"yoast-schema-graph\">{\"@context\":\"https:\/\/schema.org\",\"@graph\":[{\"@type\":\"WebPage\",\"@id\":\"https:\/\/can-gavarres.com\/mentions-legales\/\",\"url\":\"https:\/\/can-gavarres.com\/mentions-legales\/\",\"name\":\"Mentions l\u00e9gales | Can Gavarres\",\"isPartOf\":{\"@id\":\"https:\/\/can-gavarres.com\/#website\"},\"datePublished\":\"2025-06-05T12:16:37+00:00\",\"dateModified\":\"2025-06-06T08:42:15+00:00\",\"description\":\"Mentions l\u00e9gales de notre chambre d'h\u00f4tes sur la Costa Brava, Can Gavarres.\",\"breadcrumb\":{\"@id\":\"https:\/\/can-gavarres.com\/mentions-legales\/#breadcrumb\"},\"inLanguage\":\"en-GB\",\"potentialAction\":[{\"@type\":\"ReadAction\",\"target\":[\"https:\/\/can-gavarres.com\/mentions-legales\/\"]}]},{\"@type\":\"BreadcrumbList\",\"@id\":\"https:\/\/can-gavarres.com\/mentions-legales\/#breadcrumb\",\"itemListElement\":[{\"@type\":\"ListItem\",\"position\":1,\"name\":\"Accueil\",\"item\":\"https:\/\/can-gavarres.com\/\"},{\"@type\":\"ListItem\",\"position\":2,\"name\":\"Mentions l\u00e9gales\"}]},{\"@type\":\"WebSite\",\"@id\":\"https:\/\/can-gavarres.com\/#website\",\"url\":\"https:\/\/can-gavarres.com\/\",\"name\":\"Maison d'h\u00f4tes Can Gavarres Costa Brava\",\"description\":\"Chambre d&#039;h\u00f4tes sur la Costa Brava\u00a0\",\"publisher\":{\"@id\":\"https:\/\/can-gavarres.com\/#organization\"},\"alternateName\":\"Maison d'h\u00f4tes Can Gavarres\",\"potentialAction\":[{\"@type\":\"SearchAction\",\"target\":{\"@type\":\"EntryPoint\",\"urlTemplate\":\"https:\/\/can-gavarres.com\/?s={search_term_string}\"},\"query-input\":{\"@type\":\"PropertyValueSpecification\",\"valueRequired\":true,\"valueName\":\"search_term_string\"}}],\"inLanguage\":\"en-GB\"},{\"@type\":\"Organization\",\"@id\":\"https:\/\/can-gavarres.com\/#organization\",\"name\":\"Can Gavarres\",\"alternateName\":\"Maison d'h\u00f4tes Can Gavarres Costa Brava\",\"url\":\"https:\/\/can-gavarres.com\/\",\"logo\":{\"@type\":\"ImageObject\",\"inLanguage\":\"en-GB\",\"@id\":\"https:\/\/can-gavarres.com\/#\/schema\/logo\/image\/\",\"url\":\"https:\/\/can-gavarres.com\/wp-content\/uploads\/2025\/06\/Petit-dejeuner-Costa-Brava-chambre-dhote-scaled.webp\",\"contentUrl\":\"https:\/\/can-gavarres.com\/wp-content\/uploads\/2025\/06\/Petit-dejeuner-Costa-Brava-chambre-dhote-scaled.webp\",\"width\":2560,\"height\":1709,\"caption\":\"Can Gavarres\"},\"image\":{\"@id\":\"https:\/\/can-gavarres.com\/#\/schema\/logo\/image\/\"}}]}<\/script>\n<!-- \/ Yoast SEO plugin. -->","yoast_head_json":{"title":"Mentions l\u00e9gales | Can Gavarres","description":"Mentions l\u00e9gales de notre chambre d'h\u00f4tes sur la Costa Brava, Can Gavarres.","robots":{"index":"index","follow":"follow","max-snippet":"max-snippet:-1","max-image-preview":"max-image-preview:large","max-video-preview":"max-video-preview:-1"},"canonical":"https:\/\/can-gavarres.com\/en\/legal-notices\/","og_locale":"en_GB","og_type":"article","og_title":"Mentions l\u00e9gales | Can Gavarres","og_description":"Mentions l\u00e9gales de notre chambre d'h\u00f4tes sur la Costa Brava, Can Gavarres.","og_url":"https:\/\/can-gavarres.com\/en\/legal-notices\/","og_site_name":"Can Gavarres","article_modified_time":"2025-06-06T08:42:15+00:00","og_image":[{"width":2560,"height":1709,"url":"https:\/\/can-gavarres.com\/wp-content\/uploads\/2025\/06\/Nuit-tout-confort-amoureux-costa-brava-maison-hote-scaled.webp","type":"image\/webp"}],"twitter_card":"summary_large_image","twitter_misc":{"Estimated reading time":"1 minute"},"schema":{"@context":"https:\/\/schema.org","@graph":[{"@type":"WebPage","@id":"https:\/\/can-gavarres.com\/mentions-legales\/","url":"https:\/\/can-gavarres.com\/mentions-legales\/","name":"Mentions l\u00e9gales | Can Gavarres","isPartOf":{"@id":"https:\/\/can-gavarres.com\/#website"},"datePublished":"2025-06-05T12:16:37+00:00","dateModified":"2025-06-06T08:42:15+00:00","description":"Mentions l\u00e9gales de notre chambre d'h\u00f4tes sur la Costa Brava, Can Gavarres.","breadcrumb":{"@id":"https:\/\/can-gavarres.com\/mentions-legales\/#breadcrumb"},"inLanguage":"en-GB","potentialAction":[{"@type":"ReadAction","target":["https:\/\/can-gavarres.com\/mentions-legales\/"]}]},{"@type":"BreadcrumbList","@id":"https:\/\/can-gavarres.com\/mentions-legales\/#breadcrumb","itemListElement":[{"@type":"ListItem","position":1,"name":"Accueil","item":"https:\/\/can-gavarres.com\/"},{"@type":"ListItem","position":2,"name":"Mentions l\u00e9gales"}]},{"@type":"WebSite","@id":"https:\/\/can-gavarres.com\/#website","url":"https:\/\/can-gavarres.com\/","name":"Maison d'h\u00f4tes Can Gavarres Costa Brava","description":"Chambre d&#039;h\u00f4tes sur la Costa Brava\u00a0","publisher":{"@id":"https:\/\/can-gavarres.com\/#organization"},"alternateName":"Maison d'h\u00f4tes Can Gavarres","potentialAction":[{"@type":"SearchAction","target":{"@type":"EntryPoint","urlTemplate":"https:\/\/can-gavarres.com\/?s={search_term_string}"},"query-input":{"@type":"PropertyValueSpecification","valueRequired":true,"valueName":"search_term_string"}}],"inLanguage":"en-GB"},{"@type":"Organization","@id":"https:\/\/can-gavarres.com\/#organization","name":"Can Gavarres","alternateName":"Maison d'h\u00f4tes Can Gavarres Costa Brava","url":"https:\/\/can-gavarres.com\/","logo":{"@type":"ImageObject","inLanguage":"en-GB","@id":"https:\/\/can-gavarres.com\/#\/schema\/logo\/image\/","url":"https:\/\/can-gavarres.com\/wp-content\/uploads\/2025\/06\/Petit-dejeuner-Costa-Brava-chambre-dhote-scaled.webp","contentUrl":"https:\/\/can-gavarres.com\/wp-content\/uploads\/2025\/06\/Petit-dejeuner-Costa-Brava-chambre-dhote-scaled.webp","width":2560,"height":1709,"caption":"Can Gavarres"},"image":{"@id":"https:\/\/can-gavarres.com\/#\/schema\/logo\/image\/"}}]}},"_links":{"self":[{"href":"https:\/\/can-gavarres.com\/en\/wp-json\/wp\/v2\/pages\/400","targetHints":{"allow":["GET"]}}],"collection":[{"href":"https:\/\/can-gavarres.com\/en\/wp-json\/wp\/v2\/pages"}],"about":[{"href":"https:\/\/can-gavarres.com\/en\/wp-json\/wp\/v2\/types\/page"}],"author":[{"embeddable":true,"href":"https:\/\/can-gavarres.com\/en\/wp-json\/wp\/v2\/users\/1"}],"replies":[{"embeddable":true,"href":"https:\/\/can-gavarres.com\/en\/wp-json\/wp\/v2\/comments?post=400"}],"version-history":[{"count":19,"href":"https:\/\/can-gavarres.com\/en\/wp-json\/wp\/v2\/pages\/400\/revisions"}],"predecessor-version":[{"id":553,"href":"https:\/\/can-gavarres.com\/en\/wp-json\/wp\/v2\/pages\/400\/revisions\/553"}],"wp:attachment":[{"href":"https:\/\/can-gavarres.com\/en\/wp-json\/wp\/v2\/media?parent=400"}],"curies":[{"name":"wp","href":"https:\/\/api.w.org\/{rel}","templated":true}]}}