{"id":568,"date":"2025-06-06T15:10:36","date_gmt":"2025-06-06T13:10:36","guid":{"rendered":"https:\/\/can-gavarres.com\/?page_id=568"},"modified":"2025-06-06T15:15:21","modified_gmt":"2025-06-06T13:15:21","slug":"ce-quil-faut-savoir-modalites","status":"publish","type":"page","link":"https:\/\/can-gavarres.com\/en\/what-you-need-to-know-modalities\/","title":{"rendered":"What you need to know, terms and conditions"},"content":{"rendered":"<div data-elementor-type=\"wp-page\" data-elementor-id=\"568\" class=\"elementor elementor-568\" data-elementor-post-type=\"page\">\n\t\t\t\t\t\t<section class=\"elementor-section elementor-top-section elementor-element elementor-element-1a77b54 elementor-section-full_width elementor-section-height-default elementor-section-height-default\" data-id=\"1a77b54\" data-element_type=\"section\">\n\t\t\t\t\t\t<div class=\"elementor-container elementor-column-gap-default\">\n\t\t\t\t\t<div class=\"elementor-column elementor-col-100 elementor-top-column elementor-element elementor-element-2c73284\" data-id=\"2c73284\" data-element_type=\"column\">\n\t\t\t<div class=\"elementor-widget-wrap elementor-element-populated\">\n\t\t\t\t\t\t<section class=\"elementor-section elementor-inner-section elementor-element elementor-element-2faf2a3 elementor-section-height-min-height elementor-section-boxed elementor-section-height-default\" data-id=\"2faf2a3\" data-element_type=\"section\" data-settings=\"{&quot;background_background&quot;:&quot;classic&quot;}\">\n\t\t\t\t\t\t\t<div class=\"elementor-background-overlay\"><\/div>\n\t\t\t\t\t\t\t<div class=\"elementor-container elementor-column-gap-default\">\n\t\t\t\t\t<div class=\"elementor-column elementor-col-100 elementor-inner-column elementor-element elementor-element-3173786\" data-id=\"3173786\" data-element_type=\"column\" data-settings=\"{&quot;background_background&quot;:&quot;classic&quot;}\">\n\t\t\t<div class=\"elementor-widget-wrap elementor-element-populated\">\n\t\t\t\t\t\t<div class=\"elementor-element elementor-element-69fa68e elementor-invisible elementor-widget elementor-widget-heading\" data-id=\"69fa68e\" data-element_type=\"widget\" data-settings=\"{&quot;_animation&quot;:&quot;fadeIn&quot;,&quot;_animation_delay&quot;:200}\" data-widget_type=\"heading.default\">\n\t\t\t\t<div class=\"elementor-widget-container\">\n\t\t\t\t\t<h1 class=\"elementor-heading-title elementor-size-default\">terms and conditions<\/h1>\t\t\t\t<\/div>\n\t\t\t\t<\/div>\n\t\t\t\t<div class=\"elementor-element elementor-element-45c0138 elementor-invisible elementor-widget elementor-widget-heading\" data-id=\"45c0138\" data-element_type=\"widget\" data-settings=\"{&quot;_animation&quot;:&quot;fadeIn&quot;,&quot;_animation_delay&quot;:200}\" data-widget_type=\"heading.default\">\n\t\t\t\t<div class=\"elementor-widget-container\">\n\t\t\t\t\t<h1 class=\"elementor-heading-title elementor-size-default\">what you need to know<\/h1>\t\t\t\t<\/div>\n\t\t\t\t<\/div>\n\t\t\t\t<div class=\"elementor-element elementor-element-10170a9 elementor-icon-list--layout-inline elementor-align-center elementor-list-item-link-full_width elementor-invisible elementor-widget elementor-widget-icon-list\" data-id=\"10170a9\" data-element_type=\"widget\" data-settings=\"{&quot;_animation&quot;:&quot;fadeIn&quot;,&quot;_animation_delay&quot;:200}\" data-widget_type=\"icon-list.default\">\n\t\t\t\t<div class=\"elementor-widget-container\">\n\t\t\t\t\t\t\t<ul class=\"elementor-icon-list-items elementor-inline-items\">\n\t\t\t\t\t\t\t<li class=\"elementor-icon-list-item elementor-inline-item\">\n\t\t\t\t\t\t\t\t\t\t\t<a href=\"\/en\/\">\n\n\t\t\t\t\t\t\t\t\t\t\t<span class=\"elementor-icon-list-text\">Welcome<\/span>\n\t\t\t\t\t\t\t\t\t\t\t<\/a>\n\t\t\t\t\t\t\t\t\t<\/li>\n\t\t\t\t\t\t\t\t<li class=\"elementor-icon-list-item elementor-inline-item\">\n\t\t\t\t\t\t\t\t\t\t\t<a href=\"https:\/\/can-gavarres.com\/en\/the-place\/\">\n\n\t\t\t\t\t\t\t\t\t\t\t\t<span class=\"elementor-icon-list-icon\">\n\t\t\t\t\t\t\t<i aria-hidden=\"true\" class=\"icon icon-right-arrow1\"><\/i>\t\t\t\t\t\t<\/span>\n\t\t\t\t\t\t\t\t\t\t<span class=\"elementor-icon-list-text\">discover<\/span>\n\t\t\t\t\t\t\t\t\t\t\t<\/a>\n\t\t\t\t\t\t\t\t\t<\/li>\n\t\t\t\t\t\t<\/ul>\n\t\t\t\t\t\t<\/div>\n\t\t\t\t<\/div>\n\t\t\t\t\t<\/div>\n\t\t<\/div>\n\t\t\t\t\t<\/div>\n\t\t<\/section>\n\t\t\t\t\t<\/div>\n\t\t<\/div>\n\t\t\t\t\t<\/div>\n\t\t<\/section>\n\t\t\t\t<section class=\"elementor-section elementor-top-section elementor-element elementor-element-fb35521 elementor-section-boxed elementor-section-height-default elementor-section-height-default\" data-id=\"fb35521\" data-element_type=\"section\">\n\t\t\t\t\t\t<div class=\"elementor-container elementor-column-gap-default\">\n\t\t\t\t\t<div class=\"elementor-column elementor-col-100 elementor-top-column elementor-element elementor-element-ac4e736\" data-id=\"ac4e736\" data-element_type=\"column\">\n\t\t\t<div class=\"elementor-widget-wrap elementor-element-populated\">\n\t\t\t\t\t\t<section class=\"elementor-section elementor-inner-section elementor-element elementor-element-e42ff36 elementor-reverse-mobile elementor-section-boxed elementor-section-height-default elementor-section-height-default elementor-invisible\" data-id=\"e42ff36\" data-element_type=\"section\" data-settings=\"{&quot;animation&quot;:&quot;fadeIn&quot;}\">\n\t\t\t\t\t\t<div class=\"elementor-container elementor-column-gap-default\">\n\t\t\t\t\t<div class=\"elementor-column elementor-col-100 elementor-inner-column elementor-element elementor-element-5c3e6e0\" data-id=\"5c3e6e0\" data-element_type=\"column\">\n\t\t\t<div class=\"elementor-widget-wrap elementor-element-populated\">\n\t\t\t\t\t\t<div class=\"elementor-element elementor-element-bdd5ad8 elementor-widget elementor-widget-heading\" data-id=\"bdd5ad8\" data-element_type=\"widget\" data-widget_type=\"heading.default\">\n\t\t\t\t<div class=\"elementor-widget-container\">\n\t\t\t\t\t<h2 class=\"elementor-heading-title elementor-size-default\">practical information for your stay<\/h2>\t\t\t\t<\/div>\n\t\t\t\t<\/div>\n\t\t\t\t<div class=\"elementor-element elementor-element-03f64bf elementor-invisible elementor-widget elementor-widget-text-editor\" data-id=\"03f64bf\" data-element_type=\"widget\" data-settings=\"{&quot;_animation&quot;:&quot;fadeIn&quot;,&quot;_animation_delay&quot;:400}\" data-widget_type=\"text-editor.default\">\n\t\t\t\t<div class=\"elementor-widget-container\">\n\t\t\t\t\t\t\t\t\t<p><b>To make your stay in <a href=\"https:\/\/can-gavarres.com\/en\/\"><u>Can Gavarres<\/u><\/a> takes place in the best conditions, here is some useful information to know:<\/b><\/p><h3>Arrivals and departures<\/h3><ul><li>Arrival from 4 p.m. (train station and airport: Girona, Barcelona)<\/li><li>Departure no later than 11 a.m.<\/li><\/ul><div>\u00a0<\/div><h3>Tourist tax<\/h3><p>\u20ac1 per person per night, up to a maximum of 7 nights (to be paid in cash upon arrival)<\/p><h3>Baby equipment<\/h3><ul><li>Travel cot with sheets provided: \u20ac25 for the entire stay<\/li><li>Microwave access available for heating baby bottles and jars<\/li><\/ul><div>\u00a0<\/div><h3>Breakfast \/ Brunch<\/h3><p>Mini brunch included for 2 people per room:<\/p><ul><li>Hot drink<\/li><li>Fruit juice<\/li><li>Egg<\/li><li>Cold cuts<\/li><li>Viennese pastries<\/li><li>Bread, butter and jam<\/li><\/ul><div>\u00a0<\/div><h3>Dinner on site (optional)<\/h3><ul><li>Gourmet evening platter (reservation required 24 hours in advance): local produce, salad, toast and\/or tapas, served on the terrace<\/li><li>Personal meals or picnics within the property are not permitted.<\/li><li>Many restaurants and tapas nearby for your meals<\/li><\/ul><div>\u00a0<\/div><h3>Well-being<\/h3><p>Massage \/ Spa by reservation (partner located in Sant Feliu de Gu\u00edxols)<\/p><h3>Activities<\/h3><p>Bikes available by reservation (partner located in Sant Feliu de Gu\u00edxols)<\/p><h3>Pool<\/h3><p>Unsecured swimming pool: child supervision is mandatory<\/p><h3>Parking<\/h3><ul><li>Secure parking for bicycles and motorcycles within the property (bicycle repair kit or partner)<\/li><li>Car parking outside, in a quiet, upscale residential area<\/li><\/ul><h4>Relaxation<\/h4><p>No noise for our guests after 9 p.m. Thank you!<\/p>\t\t\t\t\t\t\t\t<\/div>\n\t\t\t\t<\/div>\n\t\t\t\t\t<\/div>\n\t\t<\/div>\n\t\t\t\t\t<\/div>\n\t\t<\/section>\n\t\t\t\t\t<\/div>\n\t\t<\/div>\n\t\t\t\t\t<\/div>\n\t\t<\/section>\n\t\t\t\t<section class=\"elementor-section elementor-top-section elementor-element elementor-element-24c3df7 elementor-section-boxed elementor-section-height-default elementor-section-height-default\" data-id=\"24c3df7\" data-element_type=\"section\">\n\t\t\t\t\t\t<div class=\"elementor-container elementor-column-gap-default\">\n\t\t\t\t\t<div class=\"elementor-column elementor-col-100 elementor-top-column elementor-element elementor-element-2e51b8f\" data-id=\"2e51b8f\" data-element_type=\"column\">\n\t\t\t<div class=\"elementor-widget-wrap elementor-element-populated\">\n\t\t\t\t\t\t<section class=\"elementor-section elementor-inner-section elementor-element elementor-element-534590b elementor-reverse-mobile elementor-section-boxed elementor-section-height-default elementor-section-height-default elementor-invisible\" data-id=\"534590b\" data-element_type=\"section\" data-settings=\"{&quot;animation&quot;:&quot;fadeIn&quot;}\">\n\t\t\t\t\t\t<div class=\"elementor-container elementor-column-gap-default\">\n\t\t\t\t\t<div class=\"elementor-column elementor-col-100 elementor-inner-column elementor-element elementor-element-ee06432\" data-id=\"ee06432\" data-element_type=\"column\">\n\t\t\t<div class=\"elementor-widget-wrap elementor-element-populated\">\n\t\t\t\t\t\t<div class=\"elementor-element elementor-element-35c3211 elementor-widget elementor-widget-heading\" data-id=\"35c3211\" data-element_type=\"widget\" data-widget_type=\"heading.default\">\n\t\t\t\t<div class=\"elementor-widget-container\">\n\t\t\t\t\t<h2 class=\"elementor-heading-title elementor-size-default\">Reservation and cancellation \n<\/h2>\t\t\t\t<\/div>\n\t\t\t\t<\/div>\n\t\t\t\t<div class=\"elementor-element elementor-element-ca01242 elementor-invisible elementor-widget elementor-widget-text-editor\" data-id=\"ca01242\" data-element_type=\"widget\" data-settings=\"{&quot;_animation&quot;:&quot;fadeIn&quot;,&quot;_animation_delay&quot;:400}\" data-widget_type=\"text-editor.default\">\n\t\t\t\t<div class=\"elementor-widget-container\">\n\t\t\t\t\t\t\t\t\t<p>We do everything possible to welcome you in the best possible conditions.\u00a0<\/p><p>To do this, a few simple rules help us organize your stay as best as possible.<\/p><h3>Payment terms<\/h3><ul><li>Deposit of 50 % to be paid 30 days before arrival to secure the reservation<\/li><li>Balance to be paid 15 days before arrival<\/li><\/ul><div>\u00a0<\/div><h3>Cancellation conditions<\/h3><ul><li><strong>More than 30 days before the arrival date:<\/strong><br \/>\u27a4 The deposit paid will be fully refunded to you.<\/li><li><strong>Between 15 and 30 days before arrival:<\/strong><br \/>\u27a4 50 % of the total amount of the stay is due (the deposit is retained).<\/li><li><strong>Less than 15 days before arrival or in case of no-show:<\/strong><br \/>\u27a4 The entire stay is due.<\/li><\/ul><div>\u00a0<\/div><p>In the event of early departure, the entire reserved stay will remain due.<\/p><h3>Cancellation insurance recommended<\/h3><p>We strongly recommend that you take out cancellation insurance (often included in certain bank cards or offered online) to protect yourself in the event of a last-minute unforeseen event (illness, transport cancellation, weather, etc.).<\/p><h3>Cancellation by us<\/h3><p>In the event of cancellation on our part due to force majeure, the sums paid will be fully refunded to you.<\/p>\t\t\t\t\t\t\t\t<\/div>\n\t\t\t\t<\/div>\n\t\t\t\t\t<\/div>\n\t\t<\/div>\n\t\t\t\t\t<\/div>\n\t\t<\/section>\n\t\t\t\t\t<\/div>\n\t\t<\/div>\n\t\t\t\t\t<\/div>\n\t\t<\/section>\n\t\t\t\t<\/div>","protected":false},"excerpt":{"rendered":"<p>terms and conditions what you need to know Home The place practical information for your stay To ensure your stay at Can Gavarres goes smoothly, here is some useful information to know: Arrivals and departures Arrival from 4 p.m. (train station and airport: Girona, Barcelona) Departure no later than 11 a.m. Tax [\u2026]<\/p>","protected":false},"author":1,"featured_media":476,"parent":0,"menu_order":0,"comment_status":"closed","ping_status":"closed","template":"","meta":{"footnotes":""},"class_list":["post-568","page","type-page","status-publish","has-post-thumbnail","hentry"],"yoast_head":"<!-- This site is optimized with the Yoast SEO plugin v25.2 - https:\/\/yoast.com\/wordpress\/plugins\/seo\/ -->\n<title>Ce qu&#039;il faut savoir, modalit\u00e9s | Can Gavarres<\/title>\n<meta name=\"description\" content=\"Pour que votre s\u00e9jour sur la Costa Brava se d\u00e9roule dans les meilleures conditions, voici quelques informations utiles \u00e0 conna\u00eetre.\" \/>\n<meta name=\"robots\" content=\"index, follow, max-snippet:-1, max-image-preview:large, max-video-preview:-1\" \/>\n<link rel=\"canonical\" href=\"https:\/\/can-gavarres.com\/en\/what-you-need-to-know-modalities\/\" \/>\n<meta property=\"og:locale\" content=\"en_GB\" \/>\n<meta property=\"og:type\" content=\"article\" \/>\n<meta property=\"og:title\" content=\"Ce qu&#039;il faut savoir, modalit\u00e9s | Can Gavarres\" \/>\n<meta property=\"og:description\" content=\"Pour que votre s\u00e9jour sur la Costa Brava se d\u00e9roule dans les meilleures conditions, voici quelques informations utiles \u00e0 conna\u00eetre.\" \/>\n<meta property=\"og:url\" content=\"https:\/\/can-gavarres.com\/en\/what-you-need-to-know-modalities\/\" \/>\n<meta property=\"og:site_name\" content=\"Can Gavarres\" \/>\n<meta property=\"article:modified_time\" content=\"2025-06-06T13:15:21+00:00\" \/>\n<meta property=\"og:image\" content=\"https:\/\/can-gavarres.com\/wp-content\/uploads\/2025\/06\/Exterieur-et-piscine-Chambre-dhotes-a-Santa-Cristina-DAro.webp\" \/>\n\t<meta property=\"og:image:width\" content=\"2560\" \/>\n\t<meta property=\"og:image:height\" content=\"1709\" \/>\n\t<meta property=\"og:image:type\" content=\"image\/webp\" \/>\n<meta name=\"twitter:card\" content=\"summary_large_image\" \/>\n<meta name=\"twitter:label1\" content=\"Estimated reading time\" \/>\n\t<meta name=\"twitter:data1\" content=\"3 minutes\" \/>\n<script type=\"application\/ld+json\" class=\"yoast-schema-graph\">{\"@context\":\"https:\/\/schema.org\",\"@graph\":[{\"@type\":\"WebPage\",\"@id\":\"https:\/\/can-gavarres.com\/ce-quil-faut-savoir-modalites\/\",\"url\":\"https:\/\/can-gavarres.com\/ce-quil-faut-savoir-modalites\/\",\"name\":\"Ce qu'il faut savoir, modalit\u00e9s | Can Gavarres\",\"isPartOf\":{\"@id\":\"https:\/\/can-gavarres.com\/#website\"},\"primaryImageOfPage\":{\"@id\":\"https:\/\/can-gavarres.com\/ce-quil-faut-savoir-modalites\/#primaryimage\"},\"image\":{\"@id\":\"https:\/\/can-gavarres.com\/ce-quil-faut-savoir-modalites\/#primaryimage\"},\"thumbnailUrl\":\"https:\/\/can-gavarres.com\/wp-content\/uploads\/2025\/06\/Exterieur-et-piscine-Chambre-dhotes-a-Santa-Cristina-DAro.webp\",\"datePublished\":\"2025-06-06T13:10:36+00:00\",\"dateModified\":\"2025-06-06T13:15:21+00:00\",\"description\":\"Pour que votre s\u00e9jour sur la Costa Brava se d\u00e9roule dans les meilleures conditions, voici quelques informations utiles \u00e0 conna\u00eetre.\",\"breadcrumb\":{\"@id\":\"https:\/\/can-gavarres.com\/ce-quil-faut-savoir-modalites\/#breadcrumb\"},\"inLanguage\":\"en-GB\",\"potentialAction\":[{\"@type\":\"ReadAction\",\"target\":[\"https:\/\/can-gavarres.com\/ce-quil-faut-savoir-modalites\/\"]}]},{\"@type\":\"ImageObject\",\"inLanguage\":\"en-GB\",\"@id\":\"https:\/\/can-gavarres.com\/ce-quil-faut-savoir-modalites\/#primaryimage\",\"url\":\"https:\/\/can-gavarres.com\/wp-content\/uploads\/2025\/06\/Exterieur-et-piscine-Chambre-dhotes-a-Santa-Cristina-DAro.webp\",\"contentUrl\":\"https:\/\/can-gavarres.com\/wp-content\/uploads\/2025\/06\/Exterieur-et-piscine-Chambre-dhotes-a-Santa-Cristina-DAro.webp\",\"width\":2560,\"height\":1709,\"caption\":\"Exte\u0301rieur et piscine Chambre d'ho\u0302tes a\u0300 Santa Cristina D'Aro\"},{\"@type\":\"BreadcrumbList\",\"@id\":\"https:\/\/can-gavarres.com\/ce-quil-faut-savoir-modalites\/#breadcrumb\",\"itemListElement\":[{\"@type\":\"ListItem\",\"position\":1,\"name\":\"Accueil\",\"item\":\"https:\/\/can-gavarres.com\/\"},{\"@type\":\"ListItem\",\"position\":2,\"name\":\"Ce qu&rsquo;il faut savoir, modalit\u00e9s\"}]},{\"@type\":\"WebSite\",\"@id\":\"https:\/\/can-gavarres.com\/#website\",\"url\":\"https:\/\/can-gavarres.com\/\",\"name\":\"Maison d'h\u00f4tes Can Gavarres Costa Brava\",\"description\":\"Chambre d&#039;h\u00f4tes sur la Costa Brava\u00a0\",\"publisher\":{\"@id\":\"https:\/\/can-gavarres.com\/#organization\"},\"alternateName\":\"Maison d'h\u00f4tes Can Gavarres\",\"potentialAction\":[{\"@type\":\"SearchAction\",\"target\":{\"@type\":\"EntryPoint\",\"urlTemplate\":\"https:\/\/can-gavarres.com\/?s={search_term_string}\"},\"query-input\":{\"@type\":\"PropertyValueSpecification\",\"valueRequired\":true,\"valueName\":\"search_term_string\"}}],\"inLanguage\":\"en-GB\"},{\"@type\":\"Organization\",\"@id\":\"https:\/\/can-gavarres.com\/#organization\",\"name\":\"Can Gavarres\",\"alternateName\":\"Maison d'h\u00f4tes Can Gavarres Costa Brava\",\"url\":\"https:\/\/can-gavarres.com\/\",\"logo\":{\"@type\":\"ImageObject\",\"inLanguage\":\"en-GB\",\"@id\":\"https:\/\/can-gavarres.com\/#\/schema\/logo\/image\/\",\"url\":\"https:\/\/can-gavarres.com\/wp-content\/uploads\/2025\/06\/Petit-dejeuner-Costa-Brava-chambre-dhote-scaled.webp\",\"contentUrl\":\"https:\/\/can-gavarres.com\/wp-content\/uploads\/2025\/06\/Petit-dejeuner-Costa-Brava-chambre-dhote-scaled.webp\",\"width\":2560,\"height\":1709,\"caption\":\"Can Gavarres\"},\"image\":{\"@id\":\"https:\/\/can-gavarres.com\/#\/schema\/logo\/image\/\"}}]}<\/script>\n<!-- \/ Yoast SEO plugin. -->","yoast_head_json":{"title":"Ce qu'il faut savoir, modalit\u00e9s | Can Gavarres","description":"Pour que votre s\u00e9jour sur la Costa Brava se d\u00e9roule dans les meilleures conditions, voici quelques informations utiles \u00e0 conna\u00eetre.","robots":{"index":"index","follow":"follow","max-snippet":"max-snippet:-1","max-image-preview":"max-image-preview:large","max-video-preview":"max-video-preview:-1"},"canonical":"https:\/\/can-gavarres.com\/en\/what-you-need-to-know-modalities\/","og_locale":"en_GB","og_type":"article","og_title":"Ce qu'il faut savoir, modalit\u00e9s | Can Gavarres","og_description":"Pour que votre s\u00e9jour sur la Costa Brava se d\u00e9roule dans les meilleures conditions, voici quelques informations utiles \u00e0 conna\u00eetre.","og_url":"https:\/\/can-gavarres.com\/en\/what-you-need-to-know-modalities\/","og_site_name":"Can Gavarres","article_modified_time":"2025-06-06T13:15:21+00:00","og_image":[{"width":2560,"height":1709,"url":"https:\/\/can-gavarres.com\/wp-content\/uploads\/2025\/06\/Exterieur-et-piscine-Chambre-dhotes-a-Santa-Cristina-DAro.webp","type":"image\/webp"}],"twitter_card":"summary_large_image","twitter_misc":{"Estimated reading time":"3 minutes"},"schema":{"@context":"https:\/\/schema.org","@graph":[{"@type":"WebPage","@id":"https:\/\/can-gavarres.com\/ce-quil-faut-savoir-modalites\/","url":"https:\/\/can-gavarres.com\/ce-quil-faut-savoir-modalites\/","name":"Ce qu'il faut savoir, modalit\u00e9s | Can Gavarres","isPartOf":{"@id":"https:\/\/can-gavarres.com\/#website"},"primaryImageOfPage":{"@id":"https:\/\/can-gavarres.com\/ce-quil-faut-savoir-modalites\/#primaryimage"},"image":{"@id":"https:\/\/can-gavarres.com\/ce-quil-faut-savoir-modalites\/#primaryimage"},"thumbnailUrl":"https:\/\/can-gavarres.com\/wp-content\/uploads\/2025\/06\/Exterieur-et-piscine-Chambre-dhotes-a-Santa-Cristina-DAro.webp","datePublished":"2025-06-06T13:10:36+00:00","dateModified":"2025-06-06T13:15:21+00:00","description":"Pour que votre s\u00e9jour sur la Costa Brava se d\u00e9roule dans les meilleures conditions, voici quelques informations utiles \u00e0 conna\u00eetre.","breadcrumb":{"@id":"https:\/\/can-gavarres.com\/ce-quil-faut-savoir-modalites\/#breadcrumb"},"inLanguage":"en-GB","potentialAction":[{"@type":"ReadAction","target":["https:\/\/can-gavarres.com\/ce-quil-faut-savoir-modalites\/"]}]},{"@type":"ImageObject","inLanguage":"en-GB","@id":"https:\/\/can-gavarres.com\/ce-quil-faut-savoir-modalites\/#primaryimage","url":"https:\/\/can-gavarres.com\/wp-content\/uploads\/2025\/06\/Exterieur-et-piscine-Chambre-dhotes-a-Santa-Cristina-DAro.webp","contentUrl":"https:\/\/can-gavarres.com\/wp-content\/uploads\/2025\/06\/Exterieur-et-piscine-Chambre-dhotes-a-Santa-Cristina-DAro.webp","width":2560,"height":1709,"caption":"Exte\u0301rieur et piscine Chambre d'ho\u0302tes a\u0300 Santa Cristina D'Aro"},{"@type":"BreadcrumbList","@id":"https:\/\/can-gavarres.com\/ce-quil-faut-savoir-modalites\/#breadcrumb","itemListElement":[{"@type":"ListItem","position":1,"name":"Accueil","item":"https:\/\/can-gavarres.com\/"},{"@type":"ListItem","position":2,"name":"Ce qu&rsquo;il faut savoir, modalit\u00e9s"}]},{"@type":"WebSite","@id":"https:\/\/can-gavarres.com\/#website","url":"https:\/\/can-gavarres.com\/","name":"Maison d'h\u00f4tes Can Gavarres Costa Brava","description":"Chambre d&#039;h\u00f4tes sur la Costa Brava\u00a0","publisher":{"@id":"https:\/\/can-gavarres.com\/#organization"},"alternateName":"Maison d'h\u00f4tes Can Gavarres","potentialAction":[{"@type":"SearchAction","target":{"@type":"EntryPoint","urlTemplate":"https:\/\/can-gavarres.com\/?s={search_term_string}"},"query-input":{"@type":"PropertyValueSpecification","valueRequired":true,"valueName":"search_term_string"}}],"inLanguage":"en-GB"},{"@type":"Organization","@id":"https:\/\/can-gavarres.com\/#organization","name":"Can Gavarres","alternateName":"Maison d'h\u00f4tes Can Gavarres Costa Brava","url":"https:\/\/can-gavarres.com\/","logo":{"@type":"ImageObject","inLanguage":"en-GB","@id":"https:\/\/can-gavarres.com\/#\/schema\/logo\/image\/","url":"https:\/\/can-gavarres.com\/wp-content\/uploads\/2025\/06\/Petit-dejeuner-Costa-Brava-chambre-dhote-scaled.webp","contentUrl":"https:\/\/can-gavarres.com\/wp-content\/uploads\/2025\/06\/Petit-dejeuner-Costa-Brava-chambre-dhote-scaled.webp","width":2560,"height":1709,"caption":"Can Gavarres"},"image":{"@id":"https:\/\/can-gavarres.com\/#\/schema\/logo\/image\/"}}]}},"_links":{"self":[{"href":"https:\/\/can-gavarres.com\/en\/wp-json\/wp\/v2\/pages\/568","targetHints":{"allow":["GET"]}}],"collection":[{"href":"https:\/\/can-gavarres.com\/en\/wp-json\/wp\/v2\/pages"}],"about":[{"href":"https:\/\/can-gavarres.com\/en\/wp-json\/wp\/v2\/types\/page"}],"author":[{"embeddable":true,"href":"https:\/\/can-gavarres.com\/en\/wp-json\/wp\/v2\/users\/1"}],"replies":[{"embeddable":true,"href":"https:\/\/can-gavarres.com\/en\/wp-json\/wp\/v2\/comments?post=568"}],"version-history":[{"count":10,"href":"https:\/\/can-gavarres.com\/en\/wp-json\/wp\/v2\/pages\/568\/revisions"}],"predecessor-version":[{"id":578,"href":"https:\/\/can-gavarres.com\/en\/wp-json\/wp\/v2\/pages\/568\/revisions\/578"}],"wp:featuredmedia":[{"embeddable":true,"href":"https:\/\/can-gavarres.com\/en\/wp-json\/wp\/v2\/media\/476"}],"wp:attachment":[{"href":"https:\/\/can-gavarres.com\/en\/wp-json\/wp\/v2\/media?parent=568"}],"curies":[{"name":"wp","href":"https:\/\/api.w.org\/{rel}","templated":true}]}}