{"id":169,"date":"2025-06-04T15:09:41","date_gmt":"2025-06-04T13:09:41","guid":{"rendered":"https:\/\/can-gavarres.com\/?page_id=169"},"modified":"2025-07-08T14:18:49","modified_gmt":"2025-07-08T12:18:49","slug":"contact","status":"publish","type":"page","link":"https:\/\/can-gavarres.com\/es\/contacto\/","title":{"rendered":"Contacto"},"content":{"rendered":"<div data-elementor-type=\"wp-page\" data-elementor-id=\"169\" class=\"elementor elementor-169\" data-elementor-post-type=\"page\">\n\t\t\t\t\t\t<section class=\"elementor-section elementor-top-section elementor-element elementor-element-becf591 elementor-section-full_width elementor-section-height-default elementor-section-height-default\" data-id=\"becf591\" data-element_type=\"section\">\n\t\t\t\t\t\t<div class=\"elementor-container elementor-column-gap-default\">\n\t\t\t\t\t<div class=\"elementor-column elementor-col-100 elementor-top-column elementor-element elementor-element-cfd0901\" data-id=\"cfd0901\" data-element_type=\"column\">\n\t\t\t<div class=\"elementor-widget-wrap elementor-element-populated\">\n\t\t\t\t\t\t<section class=\"elementor-section elementor-inner-section elementor-element elementor-element-ca21d57 elementor-section-height-min-height elementor-section-boxed elementor-section-height-default\" data-id=\"ca21d57\" data-element_type=\"section\" data-settings=\"{&quot;background_background&quot;:&quot;classic&quot;}\">\n\t\t\t\t\t\t\t<div class=\"elementor-background-overlay\"><\/div>\n\t\t\t\t\t\t\t<div class=\"elementor-container elementor-column-gap-default\">\n\t\t\t\t\t<div class=\"elementor-column elementor-col-100 elementor-inner-column elementor-element elementor-element-7aace2f\" data-id=\"7aace2f\" data-element_type=\"column\" data-settings=\"{&quot;background_background&quot;:&quot;classic&quot;}\">\n\t\t\t<div class=\"elementor-widget-wrap elementor-element-populated\">\n\t\t\t\t\t\t<div class=\"elementor-element elementor-element-a0d5c62 elementor-invisible elementor-widget elementor-widget-heading\" data-id=\"a0d5c62\" data-element_type=\"widget\" data-settings=\"{&quot;_animation&quot;:&quot;fadeIn&quot;,&quot;_animation_delay&quot;:200}\" data-widget_type=\"heading.default\">\n\t\t\t\t<div class=\"elementor-widget-container\">\n\t\t\t\t\t<h1 class=\"elementor-heading-title elementor-size-default\">Cont\u00e1ctanos<\/h1>\t\t\t\t<\/div>\n\t\t\t\t<\/div>\n\t\t\t\t<div class=\"elementor-element elementor-element-5acd4f0 elementor-icon-list--layout-inline elementor-align-center elementor-list-item-link-full_width elementor-invisible elementor-widget elementor-widget-icon-list\" data-id=\"5acd4f0\" data-element_type=\"widget\" data-settings=\"{&quot;_animation&quot;:&quot;fadeIn&quot;,&quot;_animation_delay&quot;:200}\" data-widget_type=\"icon-list.default\">\n\t\t\t\t<div class=\"elementor-widget-container\">\n\t\t\t\t\t\t\t<ul class=\"elementor-icon-list-items elementor-inline-items\">\n\t\t\t\t\t\t\t<li class=\"elementor-icon-list-item elementor-inline-item\">\n\t\t\t\t\t\t\t\t\t\t\t<a href=\"\/es\/\">\n\n\t\t\t\t\t\t\t\t\t\t\t<span class=\"elementor-icon-list-text\">Bienvenido<\/span>\n\t\t\t\t\t\t\t\t\t\t\t<\/a>\n\t\t\t\t\t\t\t\t\t<\/li>\n\t\t\t\t\t\t\t\t<li class=\"elementor-icon-list-item elementor-inline-item\">\n\t\t\t\t\t\t\t\t\t\t\t<a href=\"https:\/\/can-gavarres.com\/es\/contacto\/\">\n\n\t\t\t\t\t\t\t\t\t\t\t\t<span class=\"elementor-icon-list-icon\">\n\t\t\t\t\t\t\t<i aria-hidden=\"true\" class=\"icon icon-right-arrow1\"><\/i>\t\t\t\t\t\t<\/span>\n\t\t\t\t\t\t\t\t\t\t<span class=\"elementor-icon-list-text\">Contacto<\/span>\n\t\t\t\t\t\t\t\t\t\t\t<\/a>\n\t\t\t\t\t\t\t\t\t<\/li>\n\t\t\t\t\t\t<\/ul>\n\t\t\t\t\t\t<\/div>\n\t\t\t\t<\/div>\n\t\t\t\t\t<\/div>\n\t\t<\/div>\n\t\t\t\t\t<\/div>\n\t\t<\/section>\n\t\t\t\t\t<\/div>\n\t\t<\/div>\n\t\t\t\t\t<\/div>\n\t\t<\/section>\n\t\t\t\t<section class=\"elementor-section elementor-top-section elementor-element elementor-element-dfbc8ac elementor-section-boxed elementor-section-height-default elementor-section-height-default\" data-id=\"dfbc8ac\" data-element_type=\"section\" data-settings=\"{&quot;background_background&quot;:&quot;classic&quot;}\">\n\t\t\t\t\t\t<div class=\"elementor-container elementor-column-gap-default\">\n\t\t\t\t\t<div class=\"elementor-column elementor-col-50 elementor-top-column elementor-element elementor-element-60f47fd\" data-id=\"60f47fd\" data-element_type=\"column\">\n\t\t\t<div class=\"elementor-widget-wrap elementor-element-populated\">\n\t\t\t\t\t\t<div class=\"elementor-element elementor-element-f8d9d68 elementor-widget elementor-widget-heading\" data-id=\"f8d9d68\" data-element_type=\"widget\" data-widget_type=\"heading.default\">\n\t\t\t\t<div class=\"elementor-widget-container\">\n\t\t\t\t\t<div class=\"elementor-heading-title elementor-size-default\">contacto<\/div>\t\t\t\t<\/div>\n\t\t\t\t<\/div>\n\t\t\t\t<div class=\"elementor-element elementor-element-b973544 elementor-widget elementor-widget-heading\" data-id=\"b973544\" data-element_type=\"widget\" data-widget_type=\"heading.default\">\n\t\t\t\t<div class=\"elementor-widget-container\">\n\t\t\t\t\t<h2 class=\"elementor-heading-title elementor-size-default\">Solicitud de informaci\u00f3n<\/h2>\t\t\t\t<\/div>\n\t\t\t\t<\/div>\n\t\t\t\t<div class=\"elementor-element elementor-element-7346776 elementor-invisible elementor-widget elementor-widget-text-editor\" data-id=\"7346776\" data-element_type=\"widget\" data-settings=\"{&quot;_animation&quot;:&quot;fadeIn&quot;,&quot;_animation_delay&quot;:400}\" data-widget_type=\"text-editor.default\">\n\t\t\t\t<div class=\"elementor-widget-container\">\n\t\t\t\t\t\t\t\t\t<p>\u00bfTe gustar\u00eda saber m\u00e1s sobre el lugar, antes de hacer tu reserva? <a href=\"https:\/\/can-gavarres.com\/es\/reserva\/\">reserva<\/a> Estaremos encantados de discutir esto contigo.<\/p>\t\t\t\t\t\t\t\t<\/div>\n\t\t\t\t<\/div>\n\t\t\t\t\t<\/div>\n\t\t<\/div>\n\t\t\t\t<div class=\"elementor-column elementor-col-50 elementor-top-column elementor-element elementor-element-41cc480 elementor-invisible\" data-id=\"41cc480\" data-element_type=\"column\" data-settings=\"{&quot;animation&quot;:&quot;fadeIn&quot;}\">\n\t\t\t<div class=\"elementor-widget-wrap elementor-element-populated\">\n\t\t\t\t\t\t<div class=\"elementor-element elementor-element-4afa316 elementor-button-align-start elementor-widget elementor-widget-form\" data-id=\"4afa316\" data-element_type=\"widget\" data-settings=\"{&quot;step_next_label&quot;:&quot;Next&quot;,&quot;step_previous_label&quot;:&quot;Previous&quot;,&quot;button_width&quot;:&quot;100&quot;,&quot;step_type&quot;:&quot;number_text&quot;,&quot;step_icon_shape&quot;:&quot;circle&quot;}\" data-widget_type=\"form.default\">\n\t\t\t\t<div class=\"elementor-widget-container\">\n\t\t\t\t\t\t\t<form class=\"elementor-form\" method=\"post\" name=\"Contact Can Gavarres\" aria-label=\"Contacto Can Gavarres\" action=\"\">\n\t\t\t<input type=\"hidden\" name=\"post_id\" value=\"169\"\/>\n\t\t\t<input type=\"hidden\" name=\"form_id\" value=\"4afa316\"\/>\n\t\t\t<input type=\"hidden\" name=\"referer_title\" value=\"Can Gavarres\" \/>\n\n\t\t\t\n\t\t\t<div class=\"elementor-form-fields-wrapper elementor-labels-above\">\n\t\t\t\t\t\t\t\t<div class=\"elementor-field-type-text elementor-field-group elementor-column elementor-field-group-name elementor-col-100\">\n\t\t\t\t\t\t\t\t\t\t\t\t<label for=\"form-field-name\" class=\"elementor-field-label\">\n\t\t\t\t\t\t\t\tNombre y apellido\t\t\t\t\t\t\t<\/label>\n\t\t\t\t\t\t\t\t\t\t\t\t\t\t<input size=\"1\" type=\"text\" name=\"form_fields[name]\" id=\"form-field-name\" class=\"elementor-field elementor-size-sm  elementor-field-textual\">\n\t\t\t\t\t\t\t\t\t\t\t<\/div>\n\t\t\t\t\t\t\t\t<div class=\"elementor-field-type-email elementor-field-group elementor-column elementor-field-group-email elementor-col-33 elementor-field-required\">\n\t\t\t\t\t\t\t\t\t\t\t\t<label for=\"form-field-email\" class=\"elementor-field-label\">\n\t\t\t\t\t\t\t\tDirecci\u00f3n de correo electr\u00f3nico\t\t\t\t\t\t\t<\/label>\n\t\t\t\t\t\t\t\t\t\t\t\t\t\t<input size=\"1\" type=\"email\" name=\"form_fields[email]\" id=\"form-field-email\" class=\"elementor-field elementor-size-sm  elementor-field-textual\" required=\"required\">\n\t\t\t\t\t\t\t\t\t\t\t<\/div>\n\t\t\t\t\t\t\t\t<div class=\"elementor-field-type-text elementor-field-group elementor-column elementor-field-group-field_d5bb5c3 elementor-col-33\">\n\t\t\t\t\t\t\t\t\t\t\t\t<label for=\"form-field-field_d5bb5c3\" class=\"elementor-field-label\">\n\t\t\t\t\t\t\t\tTel\u00e9fono\t\t\t\t\t\t\t<\/label>\n\t\t\t\t\t\t\t\t\t\t\t\t\t\t<input size=\"1\" type=\"text\" name=\"form_fields[field_d5bb5c3]\" id=\"form-field-field_d5bb5c3\" class=\"elementor-field elementor-size-sm  elementor-field-textual\">\n\t\t\t\t\t\t\t\t\t\t\t<\/div>\n\t\t\t\t\t\t\t\t<div class=\"elementor-field-type-text elementor-field-group elementor-column elementor-field-group-field_d9a15ae elementor-col-33\">\n\t\t\t\t\t\t\t\t\t\t\t\t<label for=\"form-field-field_d9a15ae\" class=\"elementor-field-label\">\n\t\t\t\t\t\t\t\tPa\u00eds\t\t\t\t\t\t\t<\/label>\n\t\t\t\t\t\t\t\t\t\t\t\t\t\t<input size=\"1\" type=\"text\" name=\"form_fields[field_d9a15ae]\" id=\"form-field-field_d9a15ae\" class=\"elementor-field elementor-size-sm  elementor-field-textual\">\n\t\t\t\t\t\t\t\t\t\t\t<\/div>\n\t\t\t\t\t\t\t\t<div class=\"elementor-field-type-textarea elementor-field-group elementor-column elementor-field-group-message elementor-col-100\">\n\t\t\t\t\t\t\t\t\t\t\t\t<label for=\"form-field-message\" class=\"elementor-field-label\">\n\t\t\t\t\t\t\t\tMensaje\t\t\t\t\t\t\t<\/label>\n\t\t\t\t\t\t<textarea class=\"elementor-field-textual elementor-field  elementor-size-sm\" name=\"form_fields[message]\" id=\"form-field-message\" rows=\"4\" placeholder=\"Tu mensaje...\"><\/textarea>\t\t\t\t<\/div>\n\t\t\t\t\t\t\t\t<div class=\"elementor-field-type-recaptcha_v3 elementor-field-group elementor-column elementor-field-group-field_704e53a elementor-col-100 recaptcha_v3-bottomright\">\n\t\t\t\t\t<div class=\"elementor-field\" id=\"form-field-field_704e53a\"><div class=\"elementor-g-recaptcha\" data-sitekey=\"6Lfsp1UrAAAAAL4bxe6embFw4yB9vjJ1EfmroKx2\" data-type=\"v3\" data-action=\"Form\" data-badge=\"bottomright\" data-size=\"invisible\"><\/div><\/div>\t\t\t\t<\/div>\n\t\t\t\t\t\t\t\t<div class=\"elementor-field-group elementor-column elementor-field-type-submit elementor-col-100 e-form__buttons\">\n\t\t\t\t\t<button class=\"elementor-button elementor-size-sm\" type=\"submit\">\n\t\t\t\t\t\t<span class=\"elementor-button-content-wrapper\">\n\t\t\t\t\t\t\t\t\t\t\t\t\t\t\t\t\t\t\t\t\t\t<span class=\"elementor-button-text\">Enviar<\/span>\n\t\t\t\t\t\t\t\t\t\t\t\t\t<\/span>\n\t\t\t\t\t<\/button>\n\t\t\t\t<\/div>\n\t\t\t<\/div>\n\t\t<input type=\"hidden\" name=\"trp-form-language\" value=\"es\"\/><\/form>\n\t\t\t\t\t\t<\/div>\n\t\t\t\t<\/div>\n\t\t\t\t\t<\/div>\n\t\t<\/div>\n\t\t\t\t\t<\/div>\n\t\t<\/section>\n\t\t\t\t<\/div>","protected":false},"excerpt":{"rendered":"<p>Nous contacter Accueil Contact contact Demande d&rsquo;informations Vous souhaitez en savoir plus sur le lieu, avant d&rsquo;effectuer votre r\u00e9servation ? Nous serons ravis d&rsquo;en discuter avec vous.<\/p>","protected":false},"author":1,"featured_media":324,"parent":0,"menu_order":0,"comment_status":"closed","ping_status":"closed","template":"","meta":{"footnotes":""},"class_list":["post-169","page","type-page","status-publish","has-post-thumbnail","hentry"],"yoast_head":"<!-- This site is optimized with the Yoast SEO plugin v25.2 - https:\/\/yoast.com\/wordpress\/plugins\/seo\/ -->\n<title>Contact | Can Gavarres, Maison d&#039;h\u00f4tes sur la Costa Brava<\/title>\n<meta name=\"description\" content=\"Contacter Can Gavarres ou r\u00e9server un s\u00e9jour, pour la Maison d&#039;h\u00f4tes sur la Costa Brava au plus pr\u00e8s des activit\u00e9s et loisirs de l&#039;Espagne.\" \/>\n<meta name=\"robots\" content=\"index, follow, max-snippet:-1, max-image-preview:large, max-video-preview:-1\" \/>\n<link rel=\"canonical\" href=\"https:\/\/can-gavarres.com\/es\/contacto\/\" \/>\n<meta property=\"og:locale\" content=\"es_ES\" \/>\n<meta property=\"og:type\" content=\"article\" \/>\n<meta property=\"og:title\" content=\"Contact | Can Gavarres, Maison d&#039;h\u00f4tes sur la Costa Brava\" \/>\n<meta property=\"og:description\" content=\"Contacter Can Gavarres ou r\u00e9server un s\u00e9jour, pour la Maison d&#039;h\u00f4tes sur la Costa Brava au plus pr\u00e8s des activit\u00e9s et loisirs de l&#039;Espagne.\" \/>\n<meta property=\"og:url\" content=\"https:\/\/can-gavarres.com\/es\/contacto\/\" \/>\n<meta property=\"og:site_name\" content=\"Can Gavarres\" \/>\n<meta property=\"article:modified_time\" content=\"2025-07-08T12:18:49+00:00\" \/>\n<meta property=\"og:image\" content=\"https:\/\/can-gavarres.com\/wp-content\/uploads\/2025\/06\/3.jpg\" \/>\n\t<meta property=\"og:image:width\" content=\"2500\" \/>\n\t<meta property=\"og:image:height\" content=\"2000\" \/>\n\t<meta property=\"og:image:type\" content=\"image\/jpeg\" \/>\n<meta name=\"twitter:card\" content=\"summary_large_image\" \/>\n<meta name=\"twitter:label1\" content=\"Tiempo de lectura\" \/>\n\t<meta name=\"twitter:data1\" content=\"1 minuto\" \/>\n<script type=\"application\/ld+json\" class=\"yoast-schema-graph\">{\"@context\":\"https:\/\/schema.org\",\"@graph\":[{\"@type\":\"WebPage\",\"@id\":\"https:\/\/can-gavarres.com\/contact\/\",\"url\":\"https:\/\/can-gavarres.com\/contact\/\",\"name\":\"Contact | Can Gavarres, Maison d'h\u00f4tes sur la Costa Brava\",\"isPartOf\":{\"@id\":\"https:\/\/can-gavarres.com\/#website\"},\"primaryImageOfPage\":{\"@id\":\"https:\/\/can-gavarres.com\/contact\/#primaryimage\"},\"image\":{\"@id\":\"https:\/\/can-gavarres.com\/contact\/#primaryimage\"},\"thumbnailUrl\":\"https:\/\/can-gavarres.com\/wp-content\/uploads\/2025\/06\/3.jpg\",\"datePublished\":\"2025-06-04T13:09:41+00:00\",\"dateModified\":\"2025-07-08T12:18:49+00:00\",\"description\":\"Contacter Can Gavarres ou r\u00e9server un s\u00e9jour, pour la Maison d'h\u00f4tes sur la Costa Brava au plus pr\u00e8s des activit\u00e9s et loisirs de l'Espagne.\",\"breadcrumb\":{\"@id\":\"https:\/\/can-gavarres.com\/contact\/#breadcrumb\"},\"inLanguage\":\"es\",\"potentialAction\":[{\"@type\":\"ReadAction\",\"target\":[\"https:\/\/can-gavarres.com\/contact\/\"]}]},{\"@type\":\"ImageObject\",\"inLanguage\":\"es\",\"@id\":\"https:\/\/can-gavarres.com\/contact\/#primaryimage\",\"url\":\"https:\/\/can-gavarres.com\/wp-content\/uploads\/2025\/06\/3.jpg\",\"contentUrl\":\"https:\/\/can-gavarres.com\/wp-content\/uploads\/2025\/06\/3.jpg\",\"width\":2500,\"height\":2000,\"caption\":\"3\"},{\"@type\":\"BreadcrumbList\",\"@id\":\"https:\/\/can-gavarres.com\/contact\/#breadcrumb\",\"itemListElement\":[{\"@type\":\"ListItem\",\"position\":1,\"name\":\"Accueil\",\"item\":\"https:\/\/can-gavarres.com\/\"},{\"@type\":\"ListItem\",\"position\":2,\"name\":\"Contact\"}]},{\"@type\":\"WebSite\",\"@id\":\"https:\/\/can-gavarres.com\/#website\",\"url\":\"https:\/\/can-gavarres.com\/\",\"name\":\"Maison d'h\u00f4tes Can Gavarres Costa Brava\",\"description\":\"Chambre d&#039;h\u00f4tes sur la Costa Brava\u00a0\",\"publisher\":{\"@id\":\"https:\/\/can-gavarres.com\/#organization\"},\"alternateName\":\"Maison d'h\u00f4tes Can Gavarres\",\"potentialAction\":[{\"@type\":\"SearchAction\",\"target\":{\"@type\":\"EntryPoint\",\"urlTemplate\":\"https:\/\/can-gavarres.com\/?s={search_term_string}\"},\"query-input\":{\"@type\":\"PropertyValueSpecification\",\"valueRequired\":true,\"valueName\":\"search_term_string\"}}],\"inLanguage\":\"es\"},{\"@type\":\"Organization\",\"@id\":\"https:\/\/can-gavarres.com\/#organization\",\"name\":\"Can Gavarres\",\"alternateName\":\"Maison d'h\u00f4tes Can Gavarres Costa Brava\",\"url\":\"https:\/\/can-gavarres.com\/\",\"logo\":{\"@type\":\"ImageObject\",\"inLanguage\":\"es\",\"@id\":\"https:\/\/can-gavarres.com\/#\/schema\/logo\/image\/\",\"url\":\"https:\/\/can-gavarres.com\/wp-content\/uploads\/2025\/06\/Petit-dejeuner-Costa-Brava-chambre-dhote-scaled.webp\",\"contentUrl\":\"https:\/\/can-gavarres.com\/wp-content\/uploads\/2025\/06\/Petit-dejeuner-Costa-Brava-chambre-dhote-scaled.webp\",\"width\":2560,\"height\":1709,\"caption\":\"Can Gavarres\"},\"image\":{\"@id\":\"https:\/\/can-gavarres.com\/#\/schema\/logo\/image\/\"}}]}<\/script>\n<!-- \/ Yoast SEO plugin. -->","yoast_head_json":{"title":"Contact | Can Gavarres, Maison d'h\u00f4tes sur la Costa Brava","description":"Contacter Can Gavarres ou r\u00e9server un s\u00e9jour, pour la Maison d'h\u00f4tes sur la Costa Brava au plus pr\u00e8s des activit\u00e9s et loisirs de l'Espagne.","robots":{"index":"index","follow":"follow","max-snippet":"max-snippet:-1","max-image-preview":"max-image-preview:large","max-video-preview":"max-video-preview:-1"},"canonical":"https:\/\/can-gavarres.com\/es\/contacto\/","og_locale":"es_ES","og_type":"article","og_title":"Contact | Can Gavarres, Maison d'h\u00f4tes sur la Costa Brava","og_description":"Contacter Can Gavarres ou r\u00e9server un s\u00e9jour, pour la Maison d'h\u00f4tes sur la Costa Brava au plus pr\u00e8s des activit\u00e9s et loisirs de l'Espagne.","og_url":"https:\/\/can-gavarres.com\/es\/contacto\/","og_site_name":"Can Gavarres","article_modified_time":"2025-07-08T12:18:49+00:00","og_image":[{"width":2500,"height":2000,"url":"https:\/\/can-gavarres.com\/wp-content\/uploads\/2025\/06\/3.jpg","type":"image\/jpeg"}],"twitter_card":"summary_large_image","twitter_misc":{"Tiempo de lectura":"1 minuto"},"schema":{"@context":"https:\/\/schema.org","@graph":[{"@type":"WebPage","@id":"https:\/\/can-gavarres.com\/contact\/","url":"https:\/\/can-gavarres.com\/contact\/","name":"Contact | Can Gavarres, Maison d'h\u00f4tes sur la Costa Brava","isPartOf":{"@id":"https:\/\/can-gavarres.com\/#website"},"primaryImageOfPage":{"@id":"https:\/\/can-gavarres.com\/contact\/#primaryimage"},"image":{"@id":"https:\/\/can-gavarres.com\/contact\/#primaryimage"},"thumbnailUrl":"https:\/\/can-gavarres.com\/wp-content\/uploads\/2025\/06\/3.jpg","datePublished":"2025-06-04T13:09:41+00:00","dateModified":"2025-07-08T12:18:49+00:00","description":"Contacter Can Gavarres ou r\u00e9server un s\u00e9jour, pour la Maison d'h\u00f4tes sur la Costa Brava au plus pr\u00e8s des activit\u00e9s et loisirs de l'Espagne.","breadcrumb":{"@id":"https:\/\/can-gavarres.com\/contact\/#breadcrumb"},"inLanguage":"es","potentialAction":[{"@type":"ReadAction","target":["https:\/\/can-gavarres.com\/contact\/"]}]},{"@type":"ImageObject","inLanguage":"es","@id":"https:\/\/can-gavarres.com\/contact\/#primaryimage","url":"https:\/\/can-gavarres.com\/wp-content\/uploads\/2025\/06\/3.jpg","contentUrl":"https:\/\/can-gavarres.com\/wp-content\/uploads\/2025\/06\/3.jpg","width":2500,"height":2000,"caption":"3"},{"@type":"BreadcrumbList","@id":"https:\/\/can-gavarres.com\/contact\/#breadcrumb","itemListElement":[{"@type":"ListItem","position":1,"name":"Accueil","item":"https:\/\/can-gavarres.com\/"},{"@type":"ListItem","position":2,"name":"Contact"}]},{"@type":"WebSite","@id":"https:\/\/can-gavarres.com\/#website","url":"https:\/\/can-gavarres.com\/","name":"Maison d'h\u00f4tes Can Gavarres Costa Brava","description":"Chambre d&#039;h\u00f4tes sur la Costa Brava\u00a0","publisher":{"@id":"https:\/\/can-gavarres.com\/#organization"},"alternateName":"Maison d'h\u00f4tes Can Gavarres","potentialAction":[{"@type":"SearchAction","target":{"@type":"EntryPoint","urlTemplate":"https:\/\/can-gavarres.com\/?s={search_term_string}"},"query-input":{"@type":"PropertyValueSpecification","valueRequired":true,"valueName":"search_term_string"}}],"inLanguage":"es"},{"@type":"Organization","@id":"https:\/\/can-gavarres.com\/#organization","name":"Can Gavarres","alternateName":"Maison d'h\u00f4tes Can Gavarres Costa Brava","url":"https:\/\/can-gavarres.com\/","logo":{"@type":"ImageObject","inLanguage":"es","@id":"https:\/\/can-gavarres.com\/#\/schema\/logo\/image\/","url":"https:\/\/can-gavarres.com\/wp-content\/uploads\/2025\/06\/Petit-dejeuner-Costa-Brava-chambre-dhote-scaled.webp","contentUrl":"https:\/\/can-gavarres.com\/wp-content\/uploads\/2025\/06\/Petit-dejeuner-Costa-Brava-chambre-dhote-scaled.webp","width":2560,"height":1709,"caption":"Can Gavarres"},"image":{"@id":"https:\/\/can-gavarres.com\/#\/schema\/logo\/image\/"}}]}},"_links":{"self":[{"href":"https:\/\/can-gavarres.com\/es\/wp-json\/wp\/v2\/pages\/169","targetHints":{"allow":["GET"]}}],"collection":[{"href":"https:\/\/can-gavarres.com\/es\/wp-json\/wp\/v2\/pages"}],"about":[{"href":"https:\/\/can-gavarres.com\/es\/wp-json\/wp\/v2\/types\/page"}],"author":[{"embeddable":true,"href":"https:\/\/can-gavarres.com\/es\/wp-json\/wp\/v2\/users\/1"}],"replies":[{"embeddable":true,"href":"https:\/\/can-gavarres.com\/es\/wp-json\/wp\/v2\/comments?post=169"}],"version-history":[{"count":31,"href":"https:\/\/can-gavarres.com\/es\/wp-json\/wp\/v2\/pages\/169\/revisions"}],"predecessor-version":[{"id":706,"href":"https:\/\/can-gavarres.com\/es\/wp-json\/wp\/v2\/pages\/169\/revisions\/706"}],"wp:featuredmedia":[{"embeddable":true,"href":"https:\/\/can-gavarres.com\/es\/wp-json\/wp\/v2\/media\/324"}],"wp:attachment":[{"href":"https:\/\/can-gavarres.com\/es\/wp-json\/wp\/v2\/media?parent=169"}],"curies":[{"name":"wp","href":"https:\/\/api.w.org\/{rel}","templated":true}]}}