{"id":568,"date":"2025-06-06T15:10:36","date_gmt":"2025-06-06T13:10:36","guid":{"rendered":"https:\/\/can-gavarres.com\/?page_id=568"},"modified":"2025-06-06T15:15:21","modified_gmt":"2025-06-06T13:15:21","slug":"ce-quil-faut-savoir-modalites","status":"publish","type":"page","link":"https:\/\/can-gavarres.com\/es\/lo-que-necesitas-saber-sobre-las-modalidades\/","title":{"rendered":"Lo que necesitas saber, t\u00e9rminos y condiciones"},"content":{"rendered":"<div data-elementor-type=\"wp-page\" data-elementor-id=\"568\" class=\"elementor elementor-568\" data-elementor-post-type=\"page\">\n\t\t\t\t\t\t<section class=\"elementor-section elementor-top-section elementor-element elementor-element-1a77b54 elementor-section-full_width elementor-section-height-default elementor-section-height-default\" data-id=\"1a77b54\" data-element_type=\"section\">\n\t\t\t\t\t\t<div class=\"elementor-container elementor-column-gap-default\">\n\t\t\t\t\t<div class=\"elementor-column elementor-col-100 elementor-top-column elementor-element elementor-element-2c73284\" data-id=\"2c73284\" data-element_type=\"column\">\n\t\t\t<div class=\"elementor-widget-wrap elementor-element-populated\">\n\t\t\t\t\t\t<section class=\"elementor-section elementor-inner-section elementor-element elementor-element-2faf2a3 elementor-section-height-min-height elementor-section-boxed elementor-section-height-default\" data-id=\"2faf2a3\" data-element_type=\"section\" data-settings=\"{&quot;background_background&quot;:&quot;classic&quot;}\">\n\t\t\t\t\t\t\t<div class=\"elementor-background-overlay\"><\/div>\n\t\t\t\t\t\t\t<div class=\"elementor-container elementor-column-gap-default\">\n\t\t\t\t\t<div class=\"elementor-column elementor-col-100 elementor-inner-column elementor-element elementor-element-3173786\" data-id=\"3173786\" data-element_type=\"column\" data-settings=\"{&quot;background_background&quot;:&quot;classic&quot;}\">\n\t\t\t<div class=\"elementor-widget-wrap elementor-element-populated\">\n\t\t\t\t\t\t<div class=\"elementor-element elementor-element-69fa68e elementor-invisible elementor-widget elementor-widget-heading\" data-id=\"69fa68e\" data-element_type=\"widget\" data-settings=\"{&quot;_animation&quot;:&quot;fadeIn&quot;,&quot;_animation_delay&quot;:200}\" data-widget_type=\"heading.default\">\n\t\t\t\t<div class=\"elementor-widget-container\">\n\t\t\t\t\t<h1 class=\"elementor-heading-title elementor-size-default\">T\u00e9rminos y condiciones<\/h1>\t\t\t\t<\/div>\n\t\t\t\t<\/div>\n\t\t\t\t<div class=\"elementor-element elementor-element-45c0138 elementor-invisible elementor-widget elementor-widget-heading\" data-id=\"45c0138\" data-element_type=\"widget\" data-settings=\"{&quot;_animation&quot;:&quot;fadeIn&quot;,&quot;_animation_delay&quot;:200}\" data-widget_type=\"heading.default\">\n\t\t\t\t<div class=\"elementor-widget-container\">\n\t\t\t\t\t<h1 class=\"elementor-heading-title elementor-size-default\">Lo que necesitas saber<\/h1>\t\t\t\t<\/div>\n\t\t\t\t<\/div>\n\t\t\t\t<div class=\"elementor-element elementor-element-10170a9 elementor-icon-list--layout-inline elementor-align-center elementor-list-item-link-full_width elementor-invisible elementor-widget elementor-widget-icon-list\" data-id=\"10170a9\" data-element_type=\"widget\" data-settings=\"{&quot;_animation&quot;:&quot;fadeIn&quot;,&quot;_animation_delay&quot;:200}\" data-widget_type=\"icon-list.default\">\n\t\t\t\t<div class=\"elementor-widget-container\">\n\t\t\t\t\t\t\t<ul class=\"elementor-icon-list-items elementor-inline-items\">\n\t\t\t\t\t\t\t<li class=\"elementor-icon-list-item elementor-inline-item\">\n\t\t\t\t\t\t\t\t\t\t\t<a href=\"\/es\/\">\n\n\t\t\t\t\t\t\t\t\t\t\t<span class=\"elementor-icon-list-text\">Bienvenido<\/span>\n\t\t\t\t\t\t\t\t\t\t\t<\/a>\n\t\t\t\t\t\t\t\t\t<\/li>\n\t\t\t\t\t\t\t\t<li class=\"elementor-icon-list-item elementor-inline-item\">\n\t\t\t\t\t\t\t\t\t\t\t<a href=\"https:\/\/can-gavarres.com\/es\/el-lugar\/\">\n\n\t\t\t\t\t\t\t\t\t\t\t\t<span class=\"elementor-icon-list-icon\">\n\t\t\t\t\t\t\t<i aria-hidden=\"true\" class=\"icon icon-right-arrow1\"><\/i>\t\t\t\t\t\t<\/span>\n\t\t\t\t\t\t\t\t\t\t<span class=\"elementor-icon-list-text\">El lugar<\/span>\n\t\t\t\t\t\t\t\t\t\t\t<\/a>\n\t\t\t\t\t\t\t\t\t<\/li>\n\t\t\t\t\t\t<\/ul>\n\t\t\t\t\t\t<\/div>\n\t\t\t\t<\/div>\n\t\t\t\t\t<\/div>\n\t\t<\/div>\n\t\t\t\t\t<\/div>\n\t\t<\/section>\n\t\t\t\t\t<\/div>\n\t\t<\/div>\n\t\t\t\t\t<\/div>\n\t\t<\/section>\n\t\t\t\t<section class=\"elementor-section elementor-top-section elementor-element elementor-element-fb35521 elementor-section-boxed elementor-section-height-default elementor-section-height-default\" data-id=\"fb35521\" data-element_type=\"section\">\n\t\t\t\t\t\t<div class=\"elementor-container elementor-column-gap-default\">\n\t\t\t\t\t<div class=\"elementor-column elementor-col-100 elementor-top-column elementor-element elementor-element-ac4e736\" data-id=\"ac4e736\" data-element_type=\"column\">\n\t\t\t<div class=\"elementor-widget-wrap elementor-element-populated\">\n\t\t\t\t\t\t<section class=\"elementor-section elementor-inner-section elementor-element elementor-element-e42ff36 elementor-reverse-mobile elementor-section-boxed elementor-section-height-default elementor-section-height-default elementor-invisible\" data-id=\"e42ff36\" data-element_type=\"section\" data-settings=\"{&quot;animation&quot;:&quot;fadeIn&quot;}\">\n\t\t\t\t\t\t<div class=\"elementor-container elementor-column-gap-default\">\n\t\t\t\t\t<div class=\"elementor-column elementor-col-100 elementor-inner-column elementor-element elementor-element-5c3e6e0\" data-id=\"5c3e6e0\" data-element_type=\"column\">\n\t\t\t<div class=\"elementor-widget-wrap elementor-element-populated\">\n\t\t\t\t\t\t<div class=\"elementor-element elementor-element-bdd5ad8 elementor-widget elementor-widget-heading\" data-id=\"bdd5ad8\" data-element_type=\"widget\" data-widget_type=\"heading.default\">\n\t\t\t\t<div class=\"elementor-widget-container\">\n\t\t\t\t\t<h2 class=\"elementor-heading-title elementor-size-default\">Informaci\u00f3n pr\u00e1ctica para su estancia<\/h2>\t\t\t\t<\/div>\n\t\t\t\t<\/div>\n\t\t\t\t<div class=\"elementor-element elementor-element-03f64bf elementor-invisible elementor-widget elementor-widget-text-editor\" data-id=\"03f64bf\" data-element_type=\"widget\" data-settings=\"{&quot;_animation&quot;:&quot;fadeIn&quot;,&quot;_animation_delay&quot;:400}\" data-widget_type=\"text-editor.default\">\n\t\t\t\t<div class=\"elementor-widget-container\">\n\t\t\t\t\t\t\t\t\t<p><b>Para hacer de su estancia en <a href=\"https:\/\/can-gavarres.com\/es\/\"><u>Can Gavarres<\/u><\/a> se lleva a cabo en las mejores condiciones, aqu\u00ed hay alguna informaci\u00f3n \u00fatil para saber:<\/b><\/p><h3>Llegadas y salidas<\/h3><ul><li>Llegada a partir de las 16 h (estaci\u00f3n de tren y aeropuerto: Girona, Barcelona)<\/li><li>Salida no m\u00e1s tarde de las 11.00 horas.<\/li><\/ul><div>\u00a0<\/div><h3>Impuesto tur\u00edstico<\/h3><p>1\u20ac por persona y noche, hasta un m\u00e1ximo de 7 noches (a pagar en efectivo a la llegada)<\/p><h3>Equipamiento para beb\u00e9s<\/h3><ul><li>Cuna de viaje con s\u00e1banas incluidas: 25\u20ac para toda la estancia<\/li><li>Acceso a microondas disponible para calentar biberones y tarritos.<\/li><\/ul><div>\u00a0<\/div><h3>Desayuno \/ Brunch<\/h3><p>Mini brunch incluido para 2 personas por habitaci\u00f3n:<\/p><ul><li>bebida caliente<\/li><li>Zumo de frutas<\/li><li>Huevo<\/li><li>Embutidos<\/li><li>pasteles vieneses<\/li><li>Pan, mantequilla y mermelada<\/li><\/ul><div>\u00a0<\/div><h3>Cena en el lugar (opcional)<\/h3><ul><li>Plato gourmet de noche (reserva necesaria con 24 horas de antelaci\u00f3n): productos locales, ensalada, tostadas y\/o tapas, servido en la terraza<\/li><li>No se permiten comidas personales ni picnics dentro de la propiedad.<\/li><li>Muchos restaurantes y tapas cerca para tus comidas.<\/li><\/ul><div>\u00a0<\/div><h3>Bienestar<\/h3><p>Masaje\/Spa previa reserva (colaborador ubicado en Sant Feliu de Gu\u00edxols)<\/p><h3>Actividades<\/h3><p>Bicicletas disponibles con reserva (socio ubicado en Sant Feliu de Gu\u00edxols)<\/p><h3>Piscina<\/h3><p>Piscina sin seguridad: es obligatoria la supervisi\u00f3n de los ni\u00f1os.<\/p><h3>Aparcamiento<\/h3><ul><li>Aparcamiento seguro para bicicletas y motos dentro de la propiedad (kit de reparaci\u00f3n de bicicletas o socio)<\/li><li>Aparcamiento exterior, en una zona residencial tranquila y de lujo.<\/li><\/ul><h4>Relajaci\u00f3n<\/h4><p>No se permite ruido a nuestros hu\u00e9spedes despu\u00e9s de las 21:00. \u00a1Gracias!<\/p>\t\t\t\t\t\t\t\t<\/div>\n\t\t\t\t<\/div>\n\t\t\t\t\t<\/div>\n\t\t<\/div>\n\t\t\t\t\t<\/div>\n\t\t<\/section>\n\t\t\t\t\t<\/div>\n\t\t<\/div>\n\t\t\t\t\t<\/div>\n\t\t<\/section>\n\t\t\t\t<section class=\"elementor-section elementor-top-section elementor-element elementor-element-24c3df7 elementor-section-boxed elementor-section-height-default elementor-section-height-default\" data-id=\"24c3df7\" data-element_type=\"section\">\n\t\t\t\t\t\t<div class=\"elementor-container elementor-column-gap-default\">\n\t\t\t\t\t<div class=\"elementor-column elementor-col-100 elementor-top-column elementor-element elementor-element-2e51b8f\" data-id=\"2e51b8f\" data-element_type=\"column\">\n\t\t\t<div class=\"elementor-widget-wrap elementor-element-populated\">\n\t\t\t\t\t\t<section class=\"elementor-section elementor-inner-section elementor-element elementor-element-534590b elementor-reverse-mobile elementor-section-boxed elementor-section-height-default elementor-section-height-default elementor-invisible\" data-id=\"534590b\" data-element_type=\"section\" data-settings=\"{&quot;animation&quot;:&quot;fadeIn&quot;}\">\n\t\t\t\t\t\t<div class=\"elementor-container elementor-column-gap-default\">\n\t\t\t\t\t<div class=\"elementor-column elementor-col-100 elementor-inner-column elementor-element elementor-element-ee06432\" data-id=\"ee06432\" data-element_type=\"column\">\n\t\t\t<div class=\"elementor-widget-wrap elementor-element-populated\">\n\t\t\t\t\t\t<div class=\"elementor-element elementor-element-35c3211 elementor-widget elementor-widget-heading\" data-id=\"35c3211\" data-element_type=\"widget\" data-widget_type=\"heading.default\">\n\t\t\t\t<div class=\"elementor-widget-container\">\n\t\t\t\t\t<h2 class=\"elementor-heading-title elementor-size-default\">Reserva y cancelaci\u00f3n \n<\/h2>\t\t\t\t<\/div>\n\t\t\t\t<\/div>\n\t\t\t\t<div class=\"elementor-element elementor-element-ca01242 elementor-invisible elementor-widget elementor-widget-text-editor\" data-id=\"ca01242\" data-element_type=\"widget\" data-settings=\"{&quot;_animation&quot;:&quot;fadeIn&quot;,&quot;_animation_delay&quot;:400}\" data-widget_type=\"text-editor.default\">\n\t\t\t\t<div class=\"elementor-widget-container\">\n\t\t\t\t\t\t\t\t\t<p>Hacemos todo lo posible para darle la bienvenida en las mejores condiciones posibles.\u00a0<\/p><p>Para ello, unas sencillas reglas nos ayudar\u00e1n a organizar tu estancia lo mejor posible.<\/p><h3>Condiciones de pago<\/h3><ul><li>Dep\u00f3sito de 50 % a pagar 30 d\u00edas antes de la llegada para asegurar la reserva.<\/li><li>El saldo deber\u00e1 ser pagado 15 d\u00edas antes de la llegada.<\/li><\/ul><div>\u00a0<\/div><h3>Condiciones de cancelaci\u00f3n<\/h3><ul><li><strong>M\u00e1s de 30 d\u00edas antes de la fecha de llegada:<\/strong><br \/>\u27a4 El dep\u00f3sito pagado le ser\u00e1 reembolsado \u00edntegramente.<\/li><li><strong>Entre 15 y 30 d\u00edas antes de la llegada:<\/strong><br \/>\u27a4 Se debe abonar el 50 % del importe total de la estancia (se retiene el dep\u00f3sito).<\/li><li><strong>Menos de 15 d\u00edas antes de la llegada o en caso de no presentaci\u00f3n:<\/strong><br \/>\u27a4 Se debe abonar la totalidad de la estancia.<\/li><\/ul><div>\u00a0<\/div><p>En caso de salida anticipada se abonar\u00e1 la totalidad de la estancia reservada.<\/p><h3>Se recomienda un seguro de cancelaci\u00f3n<\/h3><p>Le recomendamos encarecidamente que contrate un seguro de cancelaci\u00f3n (a menudo incluido en algunas tarjetas bancarias o que se ofrece en l\u00ednea) para protegerse en caso de un imprevisto de \u00faltimo momento (enfermedad, cancelaci\u00f3n de transporte, condiciones meteorol\u00f3gicas, etc.).<\/p><h3>Cancelaci\u00f3n por nuestra parte<\/h3><p>En caso de cancelaci\u00f3n por nuestra parte debido a fuerza mayor, las sumas abonadas le ser\u00e1n reembolsadas \u00edntegramente.<\/p>\t\t\t\t\t\t\t\t<\/div>\n\t\t\t\t<\/div>\n\t\t\t\t\t<\/div>\n\t\t<\/div>\n\t\t\t\t\t<\/div>\n\t\t<\/section>\n\t\t\t\t\t<\/div>\n\t\t<\/div>\n\t\t\t\t\t<\/div>\n\t\t<\/section>\n\t\t\t\t<\/div>","protected":false},"excerpt":{"rendered":"<p>T\u00e9rminos y condiciones Lo que necesitas saber Inicio El lugar Informaci\u00f3n pr\u00e1ctica para tu estancia Para que tu estancia en Can Gavarres transcurra sin contratiempos, te ofrecemos informaci\u00f3n \u00fatil: Llegadas y salidas Llegada a partir de las 16 h (estaci\u00f3n de tren y aeropuerto: Girona, Barcelona) Salida no m\u00e1s tarde de las 11 h Impuestos [\u2026]<\/p>","protected":false},"author":1,"featured_media":476,"parent":0,"menu_order":0,"comment_status":"closed","ping_status":"closed","template":"","meta":{"footnotes":""},"class_list":["post-568","page","type-page","status-publish","has-post-thumbnail","hentry"],"yoast_head":"<!-- This site is optimized with the Yoast SEO plugin v25.2 - https:\/\/yoast.com\/wordpress\/plugins\/seo\/ -->\n<title>Ce qu&#039;il faut savoir, modalit\u00e9s | Can Gavarres<\/title>\n<meta name=\"description\" content=\"Pour que votre s\u00e9jour sur la Costa Brava se d\u00e9roule dans les meilleures conditions, voici quelques informations utiles \u00e0 conna\u00eetre.\" \/>\n<meta name=\"robots\" content=\"index, follow, max-snippet:-1, max-image-preview:large, max-video-preview:-1\" \/>\n<link rel=\"canonical\" href=\"https:\/\/can-gavarres.com\/es\/lo-que-necesitas-saber-sobre-las-modalidades\/\" \/>\n<meta property=\"og:locale\" content=\"es_ES\" \/>\n<meta property=\"og:type\" content=\"article\" \/>\n<meta property=\"og:title\" content=\"Ce qu&#039;il faut savoir, modalit\u00e9s | Can Gavarres\" \/>\n<meta property=\"og:description\" content=\"Pour que votre s\u00e9jour sur la Costa Brava se d\u00e9roule dans les meilleures conditions, voici quelques informations utiles \u00e0 conna\u00eetre.\" \/>\n<meta property=\"og:url\" content=\"https:\/\/can-gavarres.com\/es\/lo-que-necesitas-saber-sobre-las-modalidades\/\" \/>\n<meta property=\"og:site_name\" content=\"Can Gavarres\" \/>\n<meta property=\"article:modified_time\" content=\"2025-06-06T13:15:21+00:00\" \/>\n<meta property=\"og:image\" content=\"https:\/\/can-gavarres.com\/wp-content\/uploads\/2025\/06\/Exterieur-et-piscine-Chambre-dhotes-a-Santa-Cristina-DAro.webp\" \/>\n\t<meta property=\"og:image:width\" content=\"2560\" \/>\n\t<meta property=\"og:image:height\" content=\"1709\" \/>\n\t<meta property=\"og:image:type\" content=\"image\/webp\" \/>\n<meta name=\"twitter:card\" content=\"summary_large_image\" \/>\n<meta name=\"twitter:label1\" content=\"Tiempo de lectura\" \/>\n\t<meta name=\"twitter:data1\" content=\"3 minutos\" \/>\n<script type=\"application\/ld+json\" class=\"yoast-schema-graph\">{\"@context\":\"https:\/\/schema.org\",\"@graph\":[{\"@type\":\"WebPage\",\"@id\":\"https:\/\/can-gavarres.com\/ce-quil-faut-savoir-modalites\/\",\"url\":\"https:\/\/can-gavarres.com\/ce-quil-faut-savoir-modalites\/\",\"name\":\"Ce qu'il faut savoir, modalit\u00e9s | Can Gavarres\",\"isPartOf\":{\"@id\":\"https:\/\/can-gavarres.com\/#website\"},\"primaryImageOfPage\":{\"@id\":\"https:\/\/can-gavarres.com\/ce-quil-faut-savoir-modalites\/#primaryimage\"},\"image\":{\"@id\":\"https:\/\/can-gavarres.com\/ce-quil-faut-savoir-modalites\/#primaryimage\"},\"thumbnailUrl\":\"https:\/\/can-gavarres.com\/wp-content\/uploads\/2025\/06\/Exterieur-et-piscine-Chambre-dhotes-a-Santa-Cristina-DAro.webp\",\"datePublished\":\"2025-06-06T13:10:36+00:00\",\"dateModified\":\"2025-06-06T13:15:21+00:00\",\"description\":\"Pour que votre s\u00e9jour sur la Costa Brava se d\u00e9roule dans les meilleures conditions, voici quelques informations utiles \u00e0 conna\u00eetre.\",\"breadcrumb\":{\"@id\":\"https:\/\/can-gavarres.com\/ce-quil-faut-savoir-modalites\/#breadcrumb\"},\"inLanguage\":\"es\",\"potentialAction\":[{\"@type\":\"ReadAction\",\"target\":[\"https:\/\/can-gavarres.com\/ce-quil-faut-savoir-modalites\/\"]}]},{\"@type\":\"ImageObject\",\"inLanguage\":\"es\",\"@id\":\"https:\/\/can-gavarres.com\/ce-quil-faut-savoir-modalites\/#primaryimage\",\"url\":\"https:\/\/can-gavarres.com\/wp-content\/uploads\/2025\/06\/Exterieur-et-piscine-Chambre-dhotes-a-Santa-Cristina-DAro.webp\",\"contentUrl\":\"https:\/\/can-gavarres.com\/wp-content\/uploads\/2025\/06\/Exterieur-et-piscine-Chambre-dhotes-a-Santa-Cristina-DAro.webp\",\"width\":2560,\"height\":1709,\"caption\":\"Exte\u0301rieur et piscine Chambre d'ho\u0302tes a\u0300 Santa Cristina D'Aro\"},{\"@type\":\"BreadcrumbList\",\"@id\":\"https:\/\/can-gavarres.com\/ce-quil-faut-savoir-modalites\/#breadcrumb\",\"itemListElement\":[{\"@type\":\"ListItem\",\"position\":1,\"name\":\"Accueil\",\"item\":\"https:\/\/can-gavarres.com\/\"},{\"@type\":\"ListItem\",\"position\":2,\"name\":\"Ce qu&rsquo;il faut savoir, modalit\u00e9s\"}]},{\"@type\":\"WebSite\",\"@id\":\"https:\/\/can-gavarres.com\/#website\",\"url\":\"https:\/\/can-gavarres.com\/\",\"name\":\"Maison d'h\u00f4tes Can Gavarres Costa Brava\",\"description\":\"Chambre d&#039;h\u00f4tes sur la Costa Brava\u00a0\",\"publisher\":{\"@id\":\"https:\/\/can-gavarres.com\/#organization\"},\"alternateName\":\"Maison d'h\u00f4tes Can Gavarres\",\"potentialAction\":[{\"@type\":\"SearchAction\",\"target\":{\"@type\":\"EntryPoint\",\"urlTemplate\":\"https:\/\/can-gavarres.com\/?s={search_term_string}\"},\"query-input\":{\"@type\":\"PropertyValueSpecification\",\"valueRequired\":true,\"valueName\":\"search_term_string\"}}],\"inLanguage\":\"es\"},{\"@type\":\"Organization\",\"@id\":\"https:\/\/can-gavarres.com\/#organization\",\"name\":\"Can Gavarres\",\"alternateName\":\"Maison d'h\u00f4tes Can Gavarres Costa Brava\",\"url\":\"https:\/\/can-gavarres.com\/\",\"logo\":{\"@type\":\"ImageObject\",\"inLanguage\":\"es\",\"@id\":\"https:\/\/can-gavarres.com\/#\/schema\/logo\/image\/\",\"url\":\"https:\/\/can-gavarres.com\/wp-content\/uploads\/2025\/06\/Petit-dejeuner-Costa-Brava-chambre-dhote-scaled.webp\",\"contentUrl\":\"https:\/\/can-gavarres.com\/wp-content\/uploads\/2025\/06\/Petit-dejeuner-Costa-Brava-chambre-dhote-scaled.webp\",\"width\":2560,\"height\":1709,\"caption\":\"Can Gavarres\"},\"image\":{\"@id\":\"https:\/\/can-gavarres.com\/#\/schema\/logo\/image\/\"}}]}<\/script>\n<!-- \/ Yoast SEO plugin. -->","yoast_head_json":{"title":"Ce qu'il faut savoir, modalit\u00e9s | Can Gavarres","description":"Pour que votre s\u00e9jour sur la Costa Brava se d\u00e9roule dans les meilleures conditions, voici quelques informations utiles \u00e0 conna\u00eetre.","robots":{"index":"index","follow":"follow","max-snippet":"max-snippet:-1","max-image-preview":"max-image-preview:large","max-video-preview":"max-video-preview:-1"},"canonical":"https:\/\/can-gavarres.com\/es\/lo-que-necesitas-saber-sobre-las-modalidades\/","og_locale":"es_ES","og_type":"article","og_title":"Ce qu'il faut savoir, modalit\u00e9s | Can Gavarres","og_description":"Pour que votre s\u00e9jour sur la Costa Brava se d\u00e9roule dans les meilleures conditions, voici quelques informations utiles \u00e0 conna\u00eetre.","og_url":"https:\/\/can-gavarres.com\/es\/lo-que-necesitas-saber-sobre-las-modalidades\/","og_site_name":"Can Gavarres","article_modified_time":"2025-06-06T13:15:21+00:00","og_image":[{"width":2560,"height":1709,"url":"https:\/\/can-gavarres.com\/wp-content\/uploads\/2025\/06\/Exterieur-et-piscine-Chambre-dhotes-a-Santa-Cristina-DAro.webp","type":"image\/webp"}],"twitter_card":"summary_large_image","twitter_misc":{"Tiempo de lectura":"3 minutos"},"schema":{"@context":"https:\/\/schema.org","@graph":[{"@type":"WebPage","@id":"https:\/\/can-gavarres.com\/ce-quil-faut-savoir-modalites\/","url":"https:\/\/can-gavarres.com\/ce-quil-faut-savoir-modalites\/","name":"Ce qu'il faut savoir, modalit\u00e9s | Can Gavarres","isPartOf":{"@id":"https:\/\/can-gavarres.com\/#website"},"primaryImageOfPage":{"@id":"https:\/\/can-gavarres.com\/ce-quil-faut-savoir-modalites\/#primaryimage"},"image":{"@id":"https:\/\/can-gavarres.com\/ce-quil-faut-savoir-modalites\/#primaryimage"},"thumbnailUrl":"https:\/\/can-gavarres.com\/wp-content\/uploads\/2025\/06\/Exterieur-et-piscine-Chambre-dhotes-a-Santa-Cristina-DAro.webp","datePublished":"2025-06-06T13:10:36+00:00","dateModified":"2025-06-06T13:15:21+00:00","description":"Pour que votre s\u00e9jour sur la Costa Brava se d\u00e9roule dans les meilleures conditions, voici quelques informations utiles \u00e0 conna\u00eetre.","breadcrumb":{"@id":"https:\/\/can-gavarres.com\/ce-quil-faut-savoir-modalites\/#breadcrumb"},"inLanguage":"es","potentialAction":[{"@type":"ReadAction","target":["https:\/\/can-gavarres.com\/ce-quil-faut-savoir-modalites\/"]}]},{"@type":"ImageObject","inLanguage":"es","@id":"https:\/\/can-gavarres.com\/ce-quil-faut-savoir-modalites\/#primaryimage","url":"https:\/\/can-gavarres.com\/wp-content\/uploads\/2025\/06\/Exterieur-et-piscine-Chambre-dhotes-a-Santa-Cristina-DAro.webp","contentUrl":"https:\/\/can-gavarres.com\/wp-content\/uploads\/2025\/06\/Exterieur-et-piscine-Chambre-dhotes-a-Santa-Cristina-DAro.webp","width":2560,"height":1709,"caption":"Exte\u0301rieur et piscine Chambre d'ho\u0302tes a\u0300 Santa Cristina D'Aro"},{"@type":"BreadcrumbList","@id":"https:\/\/can-gavarres.com\/ce-quil-faut-savoir-modalites\/#breadcrumb","itemListElement":[{"@type":"ListItem","position":1,"name":"Accueil","item":"https:\/\/can-gavarres.com\/"},{"@type":"ListItem","position":2,"name":"Ce qu&rsquo;il faut savoir, modalit\u00e9s"}]},{"@type":"WebSite","@id":"https:\/\/can-gavarres.com\/#website","url":"https:\/\/can-gavarres.com\/","name":"Maison d'h\u00f4tes Can Gavarres Costa Brava","description":"Chambre d&#039;h\u00f4tes sur la Costa Brava\u00a0","publisher":{"@id":"https:\/\/can-gavarres.com\/#organization"},"alternateName":"Maison d'h\u00f4tes Can Gavarres","potentialAction":[{"@type":"SearchAction","target":{"@type":"EntryPoint","urlTemplate":"https:\/\/can-gavarres.com\/?s={search_term_string}"},"query-input":{"@type":"PropertyValueSpecification","valueRequired":true,"valueName":"search_term_string"}}],"inLanguage":"es"},{"@type":"Organization","@id":"https:\/\/can-gavarres.com\/#organization","name":"Can Gavarres","alternateName":"Maison d'h\u00f4tes Can Gavarres Costa Brava","url":"https:\/\/can-gavarres.com\/","logo":{"@type":"ImageObject","inLanguage":"es","@id":"https:\/\/can-gavarres.com\/#\/schema\/logo\/image\/","url":"https:\/\/can-gavarres.com\/wp-content\/uploads\/2025\/06\/Petit-dejeuner-Costa-Brava-chambre-dhote-scaled.webp","contentUrl":"https:\/\/can-gavarres.com\/wp-content\/uploads\/2025\/06\/Petit-dejeuner-Costa-Brava-chambre-dhote-scaled.webp","width":2560,"height":1709,"caption":"Can Gavarres"},"image":{"@id":"https:\/\/can-gavarres.com\/#\/schema\/logo\/image\/"}}]}},"_links":{"self":[{"href":"https:\/\/can-gavarres.com\/es\/wp-json\/wp\/v2\/pages\/568","targetHints":{"allow":["GET"]}}],"collection":[{"href":"https:\/\/can-gavarres.com\/es\/wp-json\/wp\/v2\/pages"}],"about":[{"href":"https:\/\/can-gavarres.com\/es\/wp-json\/wp\/v2\/types\/page"}],"author":[{"embeddable":true,"href":"https:\/\/can-gavarres.com\/es\/wp-json\/wp\/v2\/users\/1"}],"replies":[{"embeddable":true,"href":"https:\/\/can-gavarres.com\/es\/wp-json\/wp\/v2\/comments?post=568"}],"version-history":[{"count":10,"href":"https:\/\/can-gavarres.com\/es\/wp-json\/wp\/v2\/pages\/568\/revisions"}],"predecessor-version":[{"id":578,"href":"https:\/\/can-gavarres.com\/es\/wp-json\/wp\/v2\/pages\/568\/revisions\/578"}],"wp:featuredmedia":[{"embeddable":true,"href":"https:\/\/can-gavarres.com\/es\/wp-json\/wp\/v2\/media\/476"}],"wp:attachment":[{"href":"https:\/\/can-gavarres.com\/es\/wp-json\/wp\/v2\/media?parent=568"}],"curies":[{"name":"wp","href":"https:\/\/api.w.org\/{rel}","templated":true}]}}